{"id":272,"date":"2021-03-16T11:51:42","date_gmt":"2021-03-16T10:51:42","guid":{"rendered":"https:\/\/csrforstartups.eu\/?page_id=272"},"modified":"2021-06-23T14:56:57","modified_gmt":"2021-06-23T12:56:57","slug":"startseite","status":"publish","type":"page","link":"https:\/\/csrforstartups.eu\/?page_id=272&lang=de","title":{"rendered":"Startseite"},"content":{"rendered":"\t\t<div data-elementor-type=\"wp-page\" data-elementor-id=\"272\" class=\"elementor elementor-272\">\n\t\t\t\t\t\t<section class=\"elementor-section elementor-top-section elementor-element elementor-element-f7ec73a elementor-section-boxed elementor-section-height-default elementor-section-height-default\" data-id=\"f7ec73a\" data-element_type=\"section\">\n\t\t\t\t\t\t<div class=\"elementor-container elementor-column-gap-default\">\n\t\t\t\t\t<div class=\"elementor-column elementor-col-100 elementor-top-column elementor-element elementor-element-de7753d\" data-id=\"de7753d\" data-element_type=\"column\">\n\t\t\t<div class=\"elementor-widget-wrap elementor-element-populated\">\n\t\t\t\t\t\t<div class=\"elementor-element elementor-element-6c75568 elementor-widget elementor-widget-shortcode\" data-id=\"6c75568\" data-element_type=\"widget\" data-widget_type=\"shortcode.default\">\n\t\t\t\t<div class=\"elementor-widget-container\">\n\t\t\t\t\t\t\t<div class=\"elementor-shortcode\">\n<\/div>\n\t\t\t\t\t\t<\/div>\n\t\t\t\t<\/div>\n\t\t\t\t\t<\/div>\n\t\t<\/div>\n\t\t\t\t\t<\/div>\n\t\t<\/section>\n\t\t\t\t<section class=\"elementor-section elementor-top-section elementor-element elementor-element-9415c9a elementor-section-boxed elementor-section-height-default elementor-section-height-default\" data-id=\"9415c9a\" data-element_type=\"section\">\n\t\t\t\t\t\t<div class=\"elementor-container elementor-column-gap-default\">\n\t\t\t\t\t<div class=\"elementor-column elementor-col-100 elementor-top-column elementor-element elementor-element-7da72f4\" data-id=\"7da72f4\" data-element_type=\"column\">\n\t\t\t<div class=\"elementor-widget-wrap elementor-element-populated\">\n\t\t\t\t\t\t<div class=\"elementor-element elementor-element-246dd99 elementor-widget elementor-widget-shortcode\" data-id=\"246dd99\" data-element_type=\"widget\" data-widget_type=\"shortcode.default\">\n\t\t\t\t<div class=\"elementor-widget-container\">\n\t\t\t\t\t\t\t<div class=\"elementor-shortcode\"><\/div>\n\t\t\t\t\t\t<\/div>\n\t\t\t\t<\/div>\n\t\t\t\t\t<\/div>\n\t\t<\/div>\n\t\t\t\t\t<\/div>\n\t\t<\/section>\n\t\t\t\t<section class=\"elementor-section elementor-top-section elementor-element elementor-element-86e37c1 elementor-section-boxed elementor-section-height-default elementor-section-height-default\" data-id=\"86e37c1\" data-element_type=\"section\">\n\t\t\t\t\t\t<div class=\"elementor-container elementor-column-gap-default\">\n\t\t\t\t\t<div class=\"elementor-column elementor-col-100 elementor-top-column elementor-element elementor-element-2540706\" data-id=\"2540706\" data-element_type=\"column\">\n\t\t\t<div class=\"elementor-widget-wrap elementor-element-populated\">\n\t\t\t\t\t\t<div class=\"elementor-element elementor-element-a9c4601 elementor-widget elementor-widget-heading\" data-id=\"a9c4601\" data-element_type=\"widget\" data-widget_type=\"heading.default\">\n\t\t\t\t<div class=\"elementor-widget-container\">\n\t\t\t\t\t<h1 class=\"elementor-heading-title elementor-size-default\">\u201c\"CSR f\u00fcr Start-ups\" von SUM<\/h1>\t\t\t\t<\/div>\n\t\t\t\t<\/div>\n\t\t\t\t\t<\/div>\n\t\t<\/div>\n\t\t\t\t\t<\/div>\n\t\t<\/section>\n\t\t\t\t<section class=\"elementor-section elementor-top-section elementor-element elementor-element-50f9d9b elementor-section-boxed elementor-section-height-default elementor-section-height-default\" data-id=\"50f9d9b\" data-element_type=\"section\">\n\t\t\t\t\t\t<div class=\"elementor-container elementor-column-gap-default\">\n\t\t\t\t\t<div class=\"elementor-column elementor-col-100 elementor-top-column elementor-element elementor-element-20ea45b\" data-id=\"20ea45b\" data-element_type=\"column\">\n\t\t\t<div class=\"elementor-widget-wrap elementor-element-populated\">\n\t\t\t\t\t\t<div class=\"elementor-element elementor-element-3be62bc elementor-widget elementor-widget-text-editor\" data-id=\"3be62bc\" data-element_type=\"widget\" data-widget_type=\"text-editor.default\">\n\t\t\t\t<div class=\"elementor-widget-container\">\n\t\t\t\t\t\t\t\t\t<h5><strong>SUM ist eine Initiative von sieben europ\u00e4ischen Beratungs- und Bildungsorganisationen, die den Bedarf an angemessener Beratung f\u00fcr Start-ups auf dem Weg zu Corporate Social Responsibility aufgreifen.<\/strong><\/h5>\t\t\t\t\t\t\t\t<\/div>\n\t\t\t\t<\/div>\n\t\t\t\t<div class=\"elementor-element elementor-element-0a942e6 elementor-widget elementor-widget-text-editor\" data-id=\"0a942e6\" data-element_type=\"widget\" data-widget_type=\"text-editor.default\">\n\t\t\t\t<div class=\"elementor-widget-container\">\n\t\t\t\t\t\t\t\t\t<p>In den Anfangsjahren sind Start-up-UnternehmerInnen vor allem mit der Akquise von KundInnen und Mitteln sowie mit Produktentwicklung und \u00c4hnlichem besch\u00e4ftigt. Doch viele verf\u00fcgen \u00fcber mehr Ressourcen und k\u00f6nnen Strategien der sozialen Verantwortung besser verfolgen, als ihnen zun\u00e4chst bewusst ist. F\u00fcr den Unternehmenserfolg zahlt es sich aus, CSR von Anfang an mit einzubeziehen. Denn sobald ein Unternehmen w\u00e4chst und sich Unternehmenskulturen und -prozesse verfestigen, wird es schwieriger, Ma\u00dfnahmen zu \u00fcbernehmen, die zun\u00e4chst nicht direkt Gewinne zu erzielen scheinen.<\/p><p>In ihrer Anfangsphase k\u00f6nnen Start-ups mit sozialer Verantwortung den Grundstein f\u00fcr langfristigen Erfolg legen, den Praktiken der sozialen Verantwortung einem Unternehmen bringen k\u00f6nnen. Um ihre Priorit\u00e4ten im Kontext von unternehmerischer Verantwortung in den Fokus zu r\u00fccken, k\u00f6nnten Start-ups untersuchen, wie sich ihr Unternehmen direkt auf die Menschen, die Gemeinschaft und die Umwelt um sie herum auswirkt und wie ihre Strukturen, Anlagen und Handlungen sozial und \u00f6kologisch nachhaltiger gestaltet werden k\u00f6nnen. Das Projekt SUM schafft einen Rahmen f\u00fcr europ\u00e4ische Start-ups, um ihrer sozialen Verantwortung gerecht zu werden, und st\u00e4rkt auf diese Weise den Sinn f\u00fcr soziale Gerechtigkeit und Zusammenhalt unter EU-B\u00fcrgerInnen. <\/p>\t\t\t\t\t\t\t\t<\/div>\n\t\t\t\t<\/div>\n\t\t\t\t\t<\/div>\n\t\t<\/div>\n\t\t\t\t\t<\/div>\n\t\t<\/section>\n\t\t\t\t<\/div>\n\t\t","protected":false},"excerpt":{"rendered":"<p>\u201c&#8220;CSR f\u00fcr Start-ups&#8220; von SUM SUM ist eine Initiative von sieben europ\u00e4ischen Beratungs- und Bildungsorganisationen, die den Bedarf an angemessener Beratung f\u00fcr Start-ups auf dem Weg zu Corporate Social Responsibility aufgreifen. In den Anfangsjahren sind Start-up-UnternehmerInnen vor allem mit der Akquise von KundInnen und Mitteln sowie mit Produktentwicklung und \u00c4hnlichem besch\u00e4ftigt. Doch viele verf\u00fcgen \u00fcber [&hellip;]<\/p>\n","protected":false},"author":1,"featured_media":0,"parent":0,"menu_order":0,"comment_status":"closed","ping_status":"closed","template":"","meta":{"footnotes":""},"class_list":["post-272","page","type-page","status-publish","hentry"],"_links":{"self":[{"href":"https:\/\/csrforstartups.eu\/index.php?rest_route=\/wp\/v2\/pages\/272","targetHints":{"allow":["GET"]}}],"collection":[{"href":"https:\/\/csrforstartups.eu\/index.php?rest_route=\/wp\/v2\/pages"}],"about":[{"href":"https:\/\/csrforstartups.eu\/index.php?rest_route=\/wp\/v2\/types\/page"}],"author":[{"embeddable":true,"href":"https:\/\/csrforstartups.eu\/index.php?rest_route=\/wp\/v2\/users\/1"}],"replies":[{"embeddable":true,"href":"https:\/\/csrforstartups.eu\/index.php?rest_route=%2Fwp%2Fv2%2Fcomments&post=272"}],"version-history":[{"count":11,"href":"https:\/\/csrforstartups.eu\/index.php?rest_route=\/wp\/v2\/pages\/272\/revisions"}],"predecessor-version":[{"id":542,"href":"https:\/\/csrforstartups.eu\/index.php?rest_route=\/wp\/v2\/pages\/272\/revisions\/542"}],"wp:attachment":[{"href":"https:\/\/csrforstartups.eu\/index.php?rest_route=%2Fwp%2Fv2%2Fmedia&parent=272"}],"curies":[{"name":"wp","href":"https:\/\/api.w.org\/{rel}","templated":true}]}}