{"id":275,"date":"2021-03-16T11:55:44","date_gmt":"2021-03-16T10:55:44","guid":{"rendered":"https:\/\/csrforstartups.eu\/?page_id=275"},"modified":"2021-06-23T15:03:34","modified_gmt":"2021-06-23T13:03:34","slug":"home-4","status":"publish","type":"page","link":"https:\/\/csrforstartups.eu\/?page_id=275&lang=es","title":{"rendered":"Home"},"content":{"rendered":"\t\t<div data-elementor-type=\"wp-page\" data-elementor-id=\"275\" class=\"elementor elementor-275\">\n\t\t\t\t\t\t<section class=\"elementor-section elementor-top-section elementor-element elementor-element-f7ec73a elementor-section-boxed elementor-section-height-default elementor-section-height-default\" data-id=\"f7ec73a\" data-element_type=\"section\">\n\t\t\t\t\t\t<div class=\"elementor-container elementor-column-gap-default\">\n\t\t\t\t\t<div class=\"elementor-column elementor-col-100 elementor-top-column elementor-element elementor-element-de7753d\" data-id=\"de7753d\" data-element_type=\"column\">\n\t\t\t<div class=\"elementor-widget-wrap elementor-element-populated\">\n\t\t\t\t\t\t<div class=\"elementor-element elementor-element-6c75568 elementor-widget elementor-widget-shortcode\" data-id=\"6c75568\" data-element_type=\"widget\" data-widget_type=\"shortcode.default\">\n\t\t\t\t<div class=\"elementor-widget-container\">\n\t\t\t\t\t\t\t<div class=\"elementor-shortcode\">\n\n<\/div>\n\t\t\t\t\t\t<\/div>\n\t\t\t\t<\/div>\n\t\t\t\t\t<\/div>\n\t\t<\/div>\n\t\t\t\t\t<\/div>\n\t\t<\/section>\n\t\t\t\t<section class=\"elementor-section elementor-top-section elementor-element elementor-element-9415c9a elementor-section-boxed elementor-section-height-default elementor-section-height-default\" data-id=\"9415c9a\" data-element_type=\"section\">\n\t\t\t\t\t\t<div class=\"elementor-container elementor-column-gap-default\">\n\t\t\t\t\t<div class=\"elementor-column elementor-col-100 elementor-top-column elementor-element elementor-element-7da72f4\" data-id=\"7da72f4\" data-element_type=\"column\">\n\t\t\t<div class=\"elementor-widget-wrap elementor-element-populated\">\n\t\t\t\t\t\t<div class=\"elementor-element elementor-element-246dd99 elementor-widget elementor-widget-shortcode\" data-id=\"246dd99\" data-element_type=\"widget\" data-widget_type=\"shortcode.default\">\n\t\t\t\t<div class=\"elementor-widget-container\">\n\t\t\t\t\t\t\t<div class=\"elementor-shortcode\"><\/div>\n\t\t\t\t\t\t<\/div>\n\t\t\t\t<\/div>\n\t\t\t\t\t<\/div>\n\t\t<\/div>\n\t\t\t\t\t<\/div>\n\t\t<\/section>\n\t\t\t\t<section class=\"elementor-section elementor-top-section elementor-element elementor-element-86e37c1 elementor-section-boxed elementor-section-height-default elementor-section-height-default\" data-id=\"86e37c1\" data-element_type=\"section\">\n\t\t\t\t\t\t<div class=\"elementor-container elementor-column-gap-default\">\n\t\t\t\t\t<div class=\"elementor-column elementor-col-100 elementor-top-column elementor-element elementor-element-2540706\" data-id=\"2540706\" data-element_type=\"column\">\n\t\t\t<div class=\"elementor-widget-wrap elementor-element-populated\">\n\t\t\t\t\t\t<div class=\"elementor-element elementor-element-a9c4601 elementor-widget elementor-widget-heading\" data-id=\"a9c4601\" data-element_type=\"widget\" data-widget_type=\"heading.default\">\n\t\t\t\t<div class=\"elementor-widget-container\">\n\t\t\t\t\t<h1 class=\"elementor-heading-title elementor-size-default\">\u201cRSC para las startups\u201d por SUM<\/h1>\t\t\t\t<\/div>\n\t\t\t\t<\/div>\n\t\t\t\t\t<\/div>\n\t\t<\/div>\n\t\t\t\t\t<\/div>\n\t\t<\/section>\n\t\t\t\t<section class=\"elementor-section elementor-top-section elementor-element elementor-element-50f9d9b elementor-section-boxed elementor-section-height-default elementor-section-height-default\" data-id=\"50f9d9b\" data-element_type=\"section\">\n\t\t\t\t\t\t<div class=\"elementor-container elementor-column-gap-default\">\n\t\t\t\t\t<div class=\"elementor-column elementor-col-100 elementor-top-column elementor-element elementor-element-20ea45b\" data-id=\"20ea45b\" data-element_type=\"column\">\n\t\t\t<div class=\"elementor-widget-wrap elementor-element-populated\">\n\t\t\t\t\t\t<div class=\"elementor-element elementor-element-3be62bc elementor-widget elementor-widget-text-editor\" data-id=\"3be62bc\" data-element_type=\"widget\" data-widget_type=\"text-editor.default\">\n\t\t\t\t<div class=\"elementor-widget-container\">\n\t\t\t\t\t\t\t\t\t<h6><strong>SUM es una iniciativa de siete organizaciones consultoras y educativas europeas que hacen hincapi\u00e9 en la necesidad de adoptar una gu\u00eda apropiada para las startups que est\u00e9 enfocada a la responsabilidad social corporativa (RSC).<\/strong><\/h6>\t\t\t\t\t\t\t\t<\/div>\n\t\t\t\t<\/div>\n\t\t\t\t<div class=\"elementor-element elementor-element-0a942e6 elementor-widget elementor-widget-text-editor\" data-id=\"0a942e6\" data-element_type=\"widget\" data-widget_type=\"text-editor.default\">\n\t\t\t\t<div class=\"elementor-widget-container\">\n\t\t\t\t\t\t\t\t\t<p>En sus inicios, los empresarios estaban interesados principalmente en la adquisici\u00f3n de clientes, la obtenci\u00f3n de fondos o el desarrollo del producto entre otras cosas. Sin embargo, ahora muchos tienen m\u00e1s recursos a su disposici\u00f3n y son m\u00e1s capaces de perseguir estrategias de responsabilidad social de lo que creyeron en un principio. Adem\u00e1s, compensa que las empresas tengan en cuenta la RSC desde el principio. Una vez que la empresa crece, los procesos se vuelven m\u00e1s r\u00edgidos y es m\u00e1s dif\u00edcil adoptar iniciativas que no contribuyan directamente al beneficio. Durante las etapas tempranas, las startups tienen la oportunidad \u00fanica de sembrar la responsabilidad social y recoger los frutos que las pr\u00e1cticas de la responsabilidad social pueden generar a una marca a largo plazo. Para hacer de la responsabilidad corporativa una prioridad, las startups podr\u00edan comenzar con un proceso de investigaci\u00f3n para conocer c\u00f3mo influye su negocio directamente en las personas, comunidades y medioambiente que las rodean y como sus estructuras, acciones y bienes pueden construirse de una manera m\u00e1s sostenible social y medioambientalmente. Respecto a esto, el proyecto SUM establece una gu\u00eda para que las startups europeas cumplan con su responsabilidad social y de esta forma, no menos importante, se refuerce el sentido de la justicia social y la cohesi\u00f3n entre los ciudadanos europeos.<\/p>\t\t\t\t\t\t\t\t<\/div>\n\t\t\t\t<\/div>\n\t\t\t\t\t<\/div>\n\t\t<\/div>\n\t\t\t\t\t<\/div>\n\t\t<\/section>\n\t\t\t\t<\/div>\n\t\t","protected":false},"excerpt":{"rendered":"<p>\u201cRSC para las startups\u201d por SUM SUM es una iniciativa de siete organizaciones consultoras y educativas europeas que hacen hincapi\u00e9 en la necesidad de adoptar una gu\u00eda apropiada para las startups que est\u00e9 enfocada a la responsabilidad social corporativa (RSC). En sus inicios, los empresarios estaban interesados principalmente en la adquisici\u00f3n de clientes, la obtenci\u00f3n [&hellip;]<\/p>\n","protected":false},"author":1,"featured_media":0,"parent":0,"menu_order":0,"comment_status":"closed","ping_status":"closed","template":"","meta":{"footnotes":""},"class_list":["post-275","page","type-page","status-publish","hentry"],"_links":{"self":[{"href":"https:\/\/csrforstartups.eu\/index.php?rest_route=\/wp\/v2\/pages\/275","targetHints":{"allow":["GET"]}}],"collection":[{"href":"https:\/\/csrforstartups.eu\/index.php?rest_route=\/wp\/v2\/pages"}],"about":[{"href":"https:\/\/csrforstartups.eu\/index.php?rest_route=\/wp\/v2\/types\/page"}],"author":[{"embeddable":true,"href":"https:\/\/csrforstartups.eu\/index.php?rest_route=\/wp\/v2\/users\/1"}],"replies":[{"embeddable":true,"href":"https:\/\/csrforstartups.eu\/index.php?rest_route=%2Fwp%2Fv2%2Fcomments&post=275"}],"version-history":[{"count":19,"href":"https:\/\/csrforstartups.eu\/index.php?rest_route=\/wp\/v2\/pages\/275\/revisions"}],"predecessor-version":[{"id":545,"href":"https:\/\/csrforstartups.eu\/index.php?rest_route=\/wp\/v2\/pages\/275\/revisions\/545"}],"wp:attachment":[{"href":"https:\/\/csrforstartups.eu\/index.php?rest_route=%2Fwp%2Fv2%2Fmedia&parent=275"}],"curies":[{"name":"wp","href":"https:\/\/api.w.org\/{rel}","templated":true}]}}