{"id":279,"date":"2021-03-16T11:57:52","date_gmt":"2021-03-16T10:57:52","guid":{"rendered":"https:\/\/csrforstartups.eu\/?page_id=279"},"modified":"2021-06-23T15:04:34","modified_gmt":"2021-06-23T13:04:34","slug":"home-2","status":"publish","type":"page","link":"https:\/\/csrforstartups.eu\/?page_id=279&lang=it","title":{"rendered":"Home"},"content":{"rendered":"\t\t<div data-elementor-type=\"wp-page\" data-elementor-id=\"279\" class=\"elementor elementor-279\">\n\t\t\t\t\t\t<section class=\"elementor-section elementor-top-section elementor-element elementor-element-f7ec73a elementor-section-boxed elementor-section-height-default elementor-section-height-default\" data-id=\"f7ec73a\" data-element_type=\"section\">\n\t\t\t\t\t\t<div class=\"elementor-container elementor-column-gap-default\">\n\t\t\t\t\t<div class=\"elementor-column elementor-col-100 elementor-top-column elementor-element elementor-element-de7753d\" data-id=\"de7753d\" data-element_type=\"column\">\n\t\t\t<div class=\"elementor-widget-wrap elementor-element-populated\">\n\t\t\t\t\t\t<div class=\"elementor-element elementor-element-6c75568 elementor-widget elementor-widget-shortcode\" data-id=\"6c75568\" data-element_type=\"widget\" data-widget_type=\"shortcode.default\">\n\t\t\t\t<div class=\"elementor-widget-container\">\n\t\t\t\t\t\t\t<div class=\"elementor-shortcode\"><\/div>\n\t\t\t\t\t\t<\/div>\n\t\t\t\t<\/div>\n\t\t\t\t\t<\/div>\n\t\t<\/div>\n\t\t\t\t\t<\/div>\n\t\t<\/section>\n\t\t\t\t<section class=\"elementor-section elementor-top-section elementor-element elementor-element-9415c9a elementor-section-boxed elementor-section-height-default elementor-section-height-default\" data-id=\"9415c9a\" data-element_type=\"section\">\n\t\t\t\t\t\t<div class=\"elementor-container elementor-column-gap-default\">\n\t\t\t\t\t<div class=\"elementor-column elementor-col-100 elementor-top-column elementor-element elementor-element-7da72f4\" data-id=\"7da72f4\" data-element_type=\"column\">\n\t\t\t<div class=\"elementor-widget-wrap elementor-element-populated\">\n\t\t\t\t\t\t<div class=\"elementor-element elementor-element-246dd99 elementor-widget elementor-widget-shortcode\" data-id=\"246dd99\" data-element_type=\"widget\" data-widget_type=\"shortcode.default\">\n\t\t\t\t<div class=\"elementor-widget-container\">\n\t\t\t\t\t\t\t<div class=\"elementor-shortcode\"><\/div>\n\t\t\t\t\t\t<\/div>\n\t\t\t\t<\/div>\n\t\t\t\t\t<\/div>\n\t\t<\/div>\n\t\t\t\t\t<\/div>\n\t\t<\/section>\n\t\t\t\t<section class=\"elementor-section elementor-top-section elementor-element elementor-element-86e37c1 elementor-section-boxed elementor-section-height-default elementor-section-height-default\" data-id=\"86e37c1\" data-element_type=\"section\">\n\t\t\t\t\t\t<div class=\"elementor-container elementor-column-gap-default\">\n\t\t\t\t\t<div class=\"elementor-column elementor-col-100 elementor-top-column elementor-element elementor-element-2540706\" data-id=\"2540706\" data-element_type=\"column\">\n\t\t\t<div class=\"elementor-widget-wrap elementor-element-populated\">\n\t\t\t\t\t\t<div class=\"elementor-element elementor-element-a9c4601 elementor-widget elementor-widget-heading\" data-id=\"a9c4601\" data-element_type=\"widget\" data-widget_type=\"heading.default\">\n\t\t\t\t<div class=\"elementor-widget-container\">\n\t\t\t\t\t<h1 class=\"elementor-heading-title elementor-size-default\">\u201cRSI per le start-up\u201d del SUM <\/h1>\t\t\t\t<\/div>\n\t\t\t\t<\/div>\n\t\t\t\t\t<\/div>\n\t\t<\/div>\n\t\t\t\t\t<\/div>\n\t\t<\/section>\n\t\t\t\t<section class=\"elementor-section elementor-top-section elementor-element elementor-element-50f9d9b elementor-section-boxed elementor-section-height-default elementor-section-height-default\" data-id=\"50f9d9b\" data-element_type=\"section\">\n\t\t\t\t\t\t<div class=\"elementor-container elementor-column-gap-default\">\n\t\t\t\t\t<div class=\"elementor-column elementor-col-100 elementor-top-column elementor-element elementor-element-20ea45b\" data-id=\"20ea45b\" data-element_type=\"column\">\n\t\t\t<div class=\"elementor-widget-wrap elementor-element-populated\">\n\t\t\t\t\t\t<div class=\"elementor-element elementor-element-3be62bc elementor-widget elementor-widget-text-editor\" data-id=\"3be62bc\" data-element_type=\"widget\" data-widget_type=\"text-editor.default\">\n\t\t\t\t<div class=\"elementor-widget-container\">\n\t\t\t\t\t\t\t\t\t<h5>Il SUM \u00e8 un\u2019iniziativa di sette organizzazioni di consulenza e formazione europee che portano avanti il bisogno di una guida appropriate per le Start-up nel campo della responsabilit\u00e0 sociale d\u2019impresa (RSI).<\/h5>\t\t\t\t\t\t\t\t<\/div>\n\t\t\t\t<\/div>\n\t\t\t\t<div class=\"elementor-element elementor-element-0a942e6 elementor-widget elementor-widget-text-editor\" data-id=\"0a942e6\" data-element_type=\"widget\" data-widget_type=\"text-editor.default\">\n\t\t\t\t<div class=\"elementor-widget-container\">\n\t\t\t\t\t\t\t\t\t<p>Nei primi anni, gli imprenditori delle start-up sono concentrati principalmente nell\u2019acquisizione di clienti, raccolta di finanziamenti e crescita, sviluppo del prodotto ecc.. In realt\u00e0 molti hanno gi\u00e0 risorse a disposizione e sono pi\u00f9 in grado di perseguire le strategie di RSI di quanto potrebbero pensare. Inoltre, prendere in considerazione la RSI fin dal primo momento ripaga in termini di successo aziendale. Quando un\u2019azienda cresce e cultura e processi diventano pi\u00f9 rigidi, \u00e8 pi\u00f9 difficile adottare iniziative che siano inizialmente percepite come non produttrici di profitto. Durante le prime fasi, le start-up hanno opportunit\u00e0 uniche di \u201csaltare sul carro\u201d della RSI e raccogliere i guadagni a lungo termine che le pratiche di responsabilit\u00e0 sociale possono portare al marchio aziendale. Per portare all\u2019attenzione le priorit\u00e0 nel campo della RSI, le start up possono iniziare con un processo esplorativo per scoprire come le loro attivit\u00e0 economiche hanno effetti su persone, comunit\u00e0 locali e ambiente circostante, e come le loro strutture, risorse e azioni possano divenire socialmente e ambientalmente sostenibili. A questo scopo, il SUM project stabilisce la cornice per le start-up europee per le start-up europee per impegnarsi per la loro RSI e in questo modo, non ultimo, rafforzare il senso di giustizia sociale e coesione tra i cittadini europei.<\/p>\t\t\t\t\t\t\t\t<\/div>\n\t\t\t\t<\/div>\n\t\t\t\t\t<\/div>\n\t\t<\/div>\n\t\t\t\t\t<\/div>\n\t\t<\/section>\n\t\t\t\t<\/div>\n\t\t","protected":false},"excerpt":{"rendered":"<p>\u201cRSI per le start-up\u201d del SUM Il SUM \u00e8 un\u2019iniziativa di sette organizzazioni di consulenza e formazione europee che portano avanti il bisogno di una guida appropriate per le Start-up nel campo della responsabilit\u00e0 sociale d\u2019impresa (RSI). Nei primi anni, gli imprenditori delle start-up sono concentrati principalmente nell\u2019acquisizione di clienti, raccolta di finanziamenti e crescita, [&hellip;]<\/p>\n","protected":false},"author":1,"featured_media":0,"parent":0,"menu_order":0,"comment_status":"closed","ping_status":"closed","template":"","meta":{"footnotes":""},"class_list":["post-279","page","type-page","status-publish","hentry"],"_links":{"self":[{"href":"https:\/\/csrforstartups.eu\/index.php?rest_route=\/wp\/v2\/pages\/279","targetHints":{"allow":["GET"]}}],"collection":[{"href":"https:\/\/csrforstartups.eu\/index.php?rest_route=\/wp\/v2\/pages"}],"about":[{"href":"https:\/\/csrforstartups.eu\/index.php?rest_route=\/wp\/v2\/types\/page"}],"author":[{"embeddable":true,"href":"https:\/\/csrforstartups.eu\/index.php?rest_route=\/wp\/v2\/users\/1"}],"replies":[{"embeddable":true,"href":"https:\/\/csrforstartups.eu\/index.php?rest_route=%2Fwp%2Fv2%2Fcomments&post=279"}],"version-history":[{"count":10,"href":"https:\/\/csrforstartups.eu\/index.php?rest_route=\/wp\/v2\/pages\/279\/revisions"}],"predecessor-version":[{"id":551,"href":"https:\/\/csrforstartups.eu\/index.php?rest_route=\/wp\/v2\/pages\/279\/revisions\/551"}],"wp:attachment":[{"href":"https:\/\/csrforstartups.eu\/index.php?rest_route=%2Fwp%2Fv2%2Fmedia&parent=279"}],"curies":[{"name":"wp","href":"https:\/\/api.w.org\/{rel}","templated":true}]}}