{"id":281,"date":"2021-03-16T11:58:50","date_gmt":"2021-03-16T10:58:50","guid":{"rendered":"https:\/\/csrforstartups.eu\/?page_id=281"},"modified":"2021-06-23T15:04:54","modified_gmt":"2021-06-23T13:04:54","slug":"home","status":"publish","type":"page","link":"https:\/\/csrforstartups.eu\/?page_id=281&lang=lt","title":{"rendered":"Home"},"content":{"rendered":"\t\t<div data-elementor-type=\"wp-page\" data-elementor-id=\"281\" class=\"elementor elementor-281\">\n\t\t\t\t\t\t<section class=\"elementor-section elementor-top-section elementor-element elementor-element-f7ec73a elementor-section-boxed elementor-section-height-default elementor-section-height-default\" data-id=\"f7ec73a\" data-element_type=\"section\">\n\t\t\t\t\t\t<div class=\"elementor-container elementor-column-gap-default\">\n\t\t\t\t\t<div class=\"elementor-column elementor-col-100 elementor-top-column elementor-element elementor-element-de7753d\" data-id=\"de7753d\" data-element_type=\"column\">\n\t\t\t<div class=\"elementor-widget-wrap elementor-element-populated\">\n\t\t\t\t\t\t<div class=\"elementor-element elementor-element-6c75568 elementor-widget elementor-widget-shortcode\" data-id=\"6c75568\" data-element_type=\"widget\" data-widget_type=\"shortcode.default\">\n\t\t\t\t<div class=\"elementor-widget-container\">\n\t\t\t\t\t\t\t<div class=\"elementor-shortcode\"><\/div>\n\t\t\t\t\t\t<\/div>\n\t\t\t\t<\/div>\n\t\t\t\t\t<\/div>\n\t\t<\/div>\n\t\t\t\t\t<\/div>\n\t\t<\/section>\n\t\t\t\t<section class=\"elementor-section elementor-top-section elementor-element elementor-element-9415c9a elementor-section-boxed elementor-section-height-default elementor-section-height-default\" data-id=\"9415c9a\" data-element_type=\"section\">\n\t\t\t\t\t\t<div class=\"elementor-container elementor-column-gap-default\">\n\t\t\t\t\t<div class=\"elementor-column elementor-col-100 elementor-top-column elementor-element elementor-element-7da72f4\" data-id=\"7da72f4\" data-element_type=\"column\">\n\t\t\t<div class=\"elementor-widget-wrap elementor-element-populated\">\n\t\t\t\t\t\t<div class=\"elementor-element elementor-element-246dd99 elementor-widget elementor-widget-shortcode\" data-id=\"246dd99\" data-element_type=\"widget\" data-widget_type=\"shortcode.default\">\n\t\t\t\t<div class=\"elementor-widget-container\">\n\t\t\t\t\t\t\t<div class=\"elementor-shortcode\"><\/div>\n\t\t\t\t\t\t<\/div>\n\t\t\t\t<\/div>\n\t\t\t\t\t<\/div>\n\t\t<\/div>\n\t\t\t\t\t<\/div>\n\t\t<\/section>\n\t\t\t\t<section class=\"elementor-section elementor-top-section elementor-element elementor-element-86e37c1 elementor-section-boxed elementor-section-height-default elementor-section-height-default\" data-id=\"86e37c1\" data-element_type=\"section\">\n\t\t\t\t\t\t<div class=\"elementor-container elementor-column-gap-default\">\n\t\t\t\t\t<div class=\"elementor-column elementor-col-100 elementor-top-column elementor-element elementor-element-2540706\" data-id=\"2540706\" data-element_type=\"column\">\n\t\t\t<div class=\"elementor-widget-wrap elementor-element-populated\">\n\t\t\t\t\t\t<div class=\"elementor-element elementor-element-a9c4601 elementor-widget elementor-widget-heading\" data-id=\"a9c4601\" data-element_type=\"widget\" data-widget_type=\"heading.default\">\n\t\t\t\t<div class=\"elementor-widget-container\">\n\t\t\t\t\t<h1 class=\"elementor-heading-title elementor-size-default\">\u201e\u012eSA startuoliams\u201d pagal SUM<\/h1>\t\t\t\t<\/div>\n\t\t\t\t<\/div>\n\t\t\t\t\t<\/div>\n\t\t<\/div>\n\t\t\t\t\t<\/div>\n\t\t<\/section>\n\t\t\t\t<section class=\"elementor-section elementor-top-section elementor-element elementor-element-50f9d9b elementor-section-boxed elementor-section-height-default elementor-section-height-default\" data-id=\"50f9d9b\" data-element_type=\"section\">\n\t\t\t\t\t\t<div class=\"elementor-container elementor-column-gap-default\">\n\t\t\t\t\t<div class=\"elementor-column elementor-col-100 elementor-top-column elementor-element elementor-element-20ea45b\" data-id=\"20ea45b\" data-element_type=\"column\">\n\t\t\t<div class=\"elementor-widget-wrap elementor-element-populated\">\n\t\t\t\t\t\t<div class=\"elementor-element elementor-element-3be62bc elementor-widget elementor-widget-text-editor\" data-id=\"3be62bc\" data-element_type=\"widget\" data-widget_type=\"text-editor.default\">\n\t\t\t\t<div class=\"elementor-widget-container\">\n\t\t\t\t\t\t\t\t\t<h5>SUM yra septyni\u0173 Europos konsultavimo ir \u0161vietimo organizacij\u0173 iniciatyva, kuria siekiama suteikti startuoliams pagalb\u0105 kelyje \u012f socialin\u0119 atsakomyb\u0119 (\u012eSA).<\/h5>\t\t\t\t\t\t\t\t<\/div>\n\t\t\t\t<\/div>\n\t\t\t\t<div class=\"elementor-element elementor-element-0a942e6 elementor-widget elementor-widget-text-editor\" data-id=\"0a942e6\" data-element_type=\"widget\" data-widget_type=\"text-editor.default\">\n\t\t\t\t<div class=\"elementor-widget-container\">\n\t\t\t\t\t\t\t\t\t<p>Pirmaisiais veiklos metais startuoliai yra susikoncentrav\u0119 ties nauj\u0173 klient\u0173 paie\u0161ka, l\u0117\u0161\u0173 pritraukimu, verslo pl\u0117tra ir produkt\u0173 vystymu. Vis d\u0117lto, daugelis turi daugiau i\u0161tekli\u0173 s\u0117kmingai \u012fgyvendinti socialin\u0117s atsakomyb\u0117s strategij\u0105 nei mano. Be to, verslo k\u016brimas pagal \u012eSA nuo pat veiklos prad\u017eios apsimoka. \u012emonei augant, jos kult\u016bra bei procesai tampa ma\u017eiau lankst\u016bs, tad b\u016bna sud\u0117tingiau \u012fgyvendinti iniciatyvas, kurios i\u0161 pirmo \u017evilgsnio n\u0117ra tiesiogiai susijusios su pelnu. Ankstyvajame etape startuoliai turi unikali\u0105 galimyb\u0119 kaupti \u012eSA praktik\u0173 baga\u017e\u0105 ir u\u017esitikrinti dividentus, kuriuos socialin\u0117 atsakomyb\u0117 gali suteikti prek\u0117s \u017eenklui ilgalaik\u0117je perspektyvoje. Siekiant socialin\u0119 atsakomyb\u0119 i\u0161kelti \u012f prioritet\u0173 s\u0105ra\u0161o vir\u0161\u0173, startuoliai tur\u0117t\u0173 pabandyti i\u0161siai\u0161kinti, kaip j\u0173 verslas veikia supan\u010dius \u017emones, bendruomenes ir aplink\u0105 bei kaip u\u017etikrinti strukt\u016bros, kapitalo ir veiksm\u0173 tvarum\u0105. \u0160iuo po\u017ei\u016briu SUM projektas pateikia Europos startuoliams \u012eSA pritaikymo gaires bei padeda u\u017etikrinti ES pilie\u010di\u0173 socialin\u0119 gerov\u0119 ir sanglaud\u0105.<\/p>\t\t\t\t\t\t\t\t<\/div>\n\t\t\t\t<\/div>\n\t\t\t\t\t<\/div>\n\t\t<\/div>\n\t\t\t\t\t<\/div>\n\t\t<\/section>\n\t\t\t\t<\/div>\n\t\t","protected":false},"excerpt":{"rendered":"<p>\u201e\u012eSA startuoliams\u201d pagal SUM SUM yra septyni\u0173 Europos konsultavimo ir \u0161vietimo organizacij\u0173 iniciatyva, kuria siekiama suteikti startuoliams pagalb\u0105 kelyje \u012f socialin\u0119 atsakomyb\u0119 (\u012eSA). Pirmaisiais veiklos metais startuoliai yra susikoncentrav\u0119 ties nauj\u0173 klient\u0173 paie\u0161ka, l\u0117\u0161\u0173 pritraukimu, verslo pl\u0117tra ir produkt\u0173 vystymu. Vis d\u0117lto, daugelis turi daugiau i\u0161tekli\u0173 s\u0117kmingai \u012fgyvendinti socialin\u0117s atsakomyb\u0117s strategij\u0105 nei mano. Be to, [&hellip;]<\/p>\n","protected":false},"author":1,"featured_media":0,"parent":0,"menu_order":0,"comment_status":"closed","ping_status":"closed","template":"","meta":{"footnotes":""},"class_list":["post-281","page","type-page","status-publish","hentry"],"_links":{"self":[{"href":"https:\/\/csrforstartups.eu\/index.php?rest_route=\/wp\/v2\/pages\/281","targetHints":{"allow":["GET"]}}],"collection":[{"href":"https:\/\/csrforstartups.eu\/index.php?rest_route=\/wp\/v2\/pages"}],"about":[{"href":"https:\/\/csrforstartups.eu\/index.php?rest_route=\/wp\/v2\/types\/page"}],"author":[{"embeddable":true,"href":"https:\/\/csrforstartups.eu\/index.php?rest_route=\/wp\/v2\/users\/1"}],"replies":[{"embeddable":true,"href":"https:\/\/csrforstartups.eu\/index.php?rest_route=%2Fwp%2Fv2%2Fcomments&post=281"}],"version-history":[{"count":10,"href":"https:\/\/csrforstartups.eu\/index.php?rest_route=\/wp\/v2\/pages\/281\/revisions"}],"predecessor-version":[{"id":554,"href":"https:\/\/csrforstartups.eu\/index.php?rest_route=\/wp\/v2\/pages\/281\/revisions\/554"}],"wp:attachment":[{"href":"https:\/\/csrforstartups.eu\/index.php?rest_route=%2Fwp%2Fv2%2Fmedia&parent=281"}],"curies":[{"name":"wp","href":"https:\/\/api.w.org\/{rel}","templated":true}]}}