{"id":283,"date":"2021-03-16T12:01:11","date_gmt":"2021-03-16T11:01:11","guid":{"rendered":"https:\/\/csrforstartups.eu\/?page_id=283"},"modified":"2021-04-20T14:21:46","modified_gmt":"2021-04-20T12:21:46","slug":"about-sum-6","status":"publish","type":"page","link":"https:\/\/csrforstartups.eu\/?page_id=283&lang=lt","title":{"rendered":"About SUM"},"content":{"rendered":"\t\t<div data-elementor-type=\"wp-page\" data-elementor-id=\"283\" class=\"elementor elementor-283\">\n\t\t\t\t\t\t<section class=\"elementor-section elementor-top-section elementor-element elementor-element-0069540 elementor-section-boxed elementor-section-height-default elementor-section-height-default\" data-id=\"0069540\" data-element_type=\"section\">\n\t\t\t\t\t\t<div class=\"elementor-container elementor-column-gap-default\">\n\t\t\t\t\t<div class=\"elementor-column elementor-col-100 elementor-top-column elementor-element elementor-element-f11ad62\" data-id=\"f11ad62\" data-element_type=\"column\">\n\t\t\t<div class=\"elementor-widget-wrap elementor-element-populated\">\n\t\t\t\t\t\t<div class=\"elementor-element elementor-element-a2f296a elementor-widget elementor-widget-text-editor\" data-id=\"a2f296a\" data-element_type=\"widget\" data-widget_type=\"text-editor.default\">\n\t\t\t\t<div class=\"elementor-widget-container\">\n\t\t\t\t\t\t\t\t\t<p>Erasmus+ finansuojamo projekto tikslas \u2013 sukurti \u012fmoni\u0173 socialin\u0117s atsakomyb\u0117s (\u012eSA) sistem\u0105, kuri leist\u0173 startuoliams nuo pat prad\u017ei\u0173 galvoti, planuoti ir \u012fgyvendinti socialiai atsakingus \u017eingsnius bei veikt\u0173 kaip neatsiejama strateginio augimo, skaidrumo ir pl\u0117tros priemon\u0117.<\/p>\t\t\t\t\t\t\t\t<\/div>\n\t\t\t\t<\/div>\n\t\t\t\t\t<\/div>\n\t\t<\/div>\n\t\t\t\t\t<\/div>\n\t\t<\/section>\n\t\t\t\t<section class=\"elementor-section elementor-top-section elementor-element elementor-element-f527d94 elementor-section-boxed elementor-section-height-default elementor-section-height-default\" data-id=\"f527d94\" data-element_type=\"section\">\n\t\t\t\t\t\t<div class=\"elementor-container elementor-column-gap-default\">\n\t\t\t\t\t<div class=\"elementor-column elementor-col-100 elementor-top-column elementor-element elementor-element-7823cc5\" data-id=\"7823cc5\" data-element_type=\"column\">\n\t\t\t<div class=\"elementor-widget-wrap elementor-element-populated\">\n\t\t\t\t\t\t<div class=\"elementor-element elementor-element-7d9d11e elementor-widget elementor-widget-heading\" data-id=\"7d9d11e\" data-element_type=\"widget\" data-widget_type=\"heading.default\">\n\t\t\t\t<div class=\"elementor-widget-container\">\n\t\t\t\t\t<h3 class=\"elementor-heading-title elementor-size-default\">Projekto Tikslai<\/h3>\t\t\t\t<\/div>\n\t\t\t\t<\/div>\n\t\t\t\t<div class=\"elementor-element elementor-element-78d6c8f elementor-widget elementor-widget-text-editor\" data-id=\"78d6c8f\" data-element_type=\"widget\" data-widget_type=\"text-editor.default\">\n\t\t\t\t<div class=\"elementor-widget-container\">\n\t\t\t\t\t\t\t\t\t<p>ocialinio ir ekologinio poveikio vertinimas, atsakingas ir apgalvotas elgesys, verslo sprendim\u0173 ir veiklos vertinimas pagal \u012eSA standartus \u2013 visi \u0161ie \u012fg\u016bd\u017eiai tampa itin svarb\u016bs dabartiniame verslo pasaulyje. SUM siekia pad\u0117ti pradedantiems jauniems verslininkams tinkamai \u012fsitraukti \u012f \u012eSA veiklas, pateikti jiems gaires ir ugdyti kompetencijas inovatyviais b\u016bdais. SUM tikslai:<\/p>\t\t\t\t\t\t\t\t<\/div>\n\t\t\t\t<\/div>\n\t\t\t\t<div class=\"elementor-element elementor-element-a9f7daa elementor-widget elementor-widget-text-editor\" data-id=\"a9f7daa\" data-element_type=\"widget\" data-widget_type=\"text-editor.default\">\n\t\t\t\t<div class=\"elementor-widget-container\">\n\t\t\t\t\t\t\t\t\t<ul><li>Nuo\u0161ird\u017eios ir profesionaliai \u012fgyvendinamos \u012eSA vert\u0117s k\u016brimas \u012fmon\u0117se (ypatingai startuoliuose).<\/li><li>Didesnis startuoli\u0173 \u012fsitraukimas \u012f \u012eSA veiklas, kuriant palankesnes paslaugas ir gerinant institucin\u0119 kult\u016br\u0105.<\/li><li>Informacijos apie \u012eSA, jos i\u0161takas, dimensijas, reikalavimus ir galimybes startuoliams sklaida.<\/li><li>Detalizavimas, ko b\u016btent tikimasi i\u0161 startuoli\u0173, siekian\u010di\u0173 atitikti socialiai atsaking\u0173 \u012fmoni\u0173 reikalavimus.<\/li><li>Startuoli\u0173 geb\u0117jim\u0173 \u012eSA srityje stiprinimas.<\/li><li>\u012emoni\u0173 skaidrumo, kaip svarbaus elemento startuoli\u0173 veikloje, u\u017etikrinimas per socialin\u0119 atsakomyb\u0119. Startuoli\u0173, propaguojan\u010di\u0173 veiklos skaidrum\u0105, rezultat\u0173 sistemos k\u016brimas.<\/li><li>Tinkl\u0173 stiprinimas ir dalinimasis \u017einiomis apie \u012eSA kult\u016bros diegim\u0105 startuoliuose; gerosios praktikos ir kokybi\u0161k\u0173 resurs\u0173 mainai.<\/li><\/ul>\t\t\t\t\t\t\t\t<\/div>\n\t\t\t\t<\/div>\n\t\t\t\t\t<\/div>\n\t\t<\/div>\n\t\t\t\t\t<\/div>\n\t\t<\/section>\n\t\t\t\t<section class=\"elementor-section elementor-top-section elementor-element elementor-element-b940df5 elementor-section-boxed elementor-section-height-default elementor-section-height-default\" data-id=\"b940df5\" data-element_type=\"section\">\n\t\t\t\t\t\t<div class=\"elementor-container elementor-column-gap-default\">\n\t\t\t\t\t<div class=\"elementor-column elementor-col-100 elementor-top-column elementor-element elementor-element-931a3f2\" data-id=\"931a3f2\" data-element_type=\"column\">\n\t\t\t<div class=\"elementor-widget-wrap elementor-element-populated\">\n\t\t\t\t\t\t<div class=\"elementor-element elementor-element-008d005 elementor-widget elementor-widget-heading\" data-id=\"008d005\" data-element_type=\"widget\" data-widget_type=\"heading.default\">\n\t\t\t\t<div class=\"elementor-widget-container\">\n\t\t\t\t\t<h3 class=\"elementor-heading-title elementor-size-default\">Po\u017ei\u016bris ir pasi\u016blymas<\/h3>\t\t\t\t<\/div>\n\t\t\t\t<\/div>\n\t\t\t\t<div class=\"elementor-element elementor-element-3419254 elementor-widget elementor-widget-text-editor\" data-id=\"3419254\" data-element_type=\"widget\" data-widget_type=\"text-editor.default\">\n\t\t\t\t<div class=\"elementor-widget-container\">\n\t\t\t\t\t\t\t\t\t<p>SUM Projekto partneriai apjung\u0117 j\u0117gas tiksl\u0173 \u012fgyvendinimui \u0161iais b\u016bdais:<\/p>\t\t\t\t\t\t\t\t<\/div>\n\t\t\t\t<\/div>\n\t\t\t\t<div class=\"elementor-element elementor-element-16f9ea4 elementor-widget elementor-widget-text-editor\" data-id=\"16f9ea4\" data-element_type=\"widget\" data-widget_type=\"text-editor.default\">\n\t\t\t\t<div class=\"elementor-widget-container\">\n\t\t\t\t\t\t\t\t\t<ul><li><strong>Sukuriant \u012fmoni\u0173 socialin\u0117s atsakomyb\u0117s (\u012eSA) sistem\u0105 ir valdymo metod\u0105<\/strong>, kuris skiria didel\u012f d\u0117mes\u012f ES pilie\u010di\u0173 teis\u0117ms ir \u012fsidarbinimo galimyb\u0117ms, \u012fmoni\u0173 atskaitomybei, pilie\u010di\u0173 dalyvavimui, socialiniam teisingumui ir aplinkosaugai, <strong>startuoliams<\/strong> regioniniu, nacionaliniu ir Europos mastu.<\/li><li>Sukuriant ir \u012fgyvendinant novatori\u0161kus <strong>mokymus startuoliams apie \u012fmoni\u0173 socialin\u0119 atsakomyb\u0119<\/strong>. Numatoma metodika, apimanti autenti\u0161k\u0173 situacij\u0173 ap\u017evalg\u0105, tarpusavio vertinim\u0105, nuotolin\u012f mokym\u0105si bei mokomuosius vizitus, skatins \u012f veiksm\u0105 orientuot\u0105 mokym\u0105si. Siekiant u\u017etikrinti mokym\u0173 rezultat\u0173 vert\u0119, SUM mokymo med\u017eiaga bus pagr\u012fsta ECVET (Europos profesinio mokymo kredit\u0173 sistema) bei ECTS (Europos kredit\u0173 perk\u0117limo sistema) principais.<\/li><li>Suteikiant <strong>laisvos prieigos internetini\u0173 priemoni\u0173 rinkin\u012f<\/strong> su mokymosi moduliais, med\u017eiaga, metodais ir \u012frankiais apie \u012eSA praktik\u0173 integravim\u0105 \u012fmon\u0117se.Parengiant <strong>mokymus ir politikos priemoni\u0173 vadov\u0105<\/strong>, paremt\u0105 pilotini\u0173 mokym\u0173 patirtimi, rekomendacijomis ir akreditavimo procesais, pritaikom\u0105 skirtingose \u0161vietimo srityse ir teikiant\u012f rekomendacijas ateities iniciatyvoms ir politikos priemon\u0117ms. Vadovas bus sukurtas ir i\u0161leistas kaip interaktyvi el. knyga.<\/li><li>Parengiant <strong>mokymus ir politikos priemoni\u0173 vadov\u0105<\/strong>, paremt\u0105 pilotini\u0173 mokym\u0173 patirtimi, rekomendacijomis ir akreditavimo procesais, pritaikom\u0105 skirtingose \u0161vietimo srityse ir teikiant\u012f rekomendacijas ateities iniciatyvoms ir politikos priemon\u0117ms. Vadovas bus sukurtas ir i\u0161leistas kaip interaktyvi el. knyga.<\/li><\/ul>\t\t\t\t\t\t\t\t<\/div>\n\t\t\t\t<\/div>\n\t\t\t\t\t<\/div>\n\t\t<\/div>\n\t\t\t\t\t<\/div>\n\t\t<\/section>\n\t\t\t\t<section class=\"elementor-section elementor-top-section elementor-element elementor-element-a0d78f7 elementor-section-boxed elementor-section-height-default elementor-section-height-default\" data-id=\"a0d78f7\" data-element_type=\"section\">\n\t\t\t\t\t\t<div class=\"elementor-container elementor-column-gap-default\">\n\t\t\t\t\t<div class=\"elementor-column elementor-col-100 elementor-top-column elementor-element elementor-element-41373bd\" data-id=\"41373bd\" data-element_type=\"column\">\n\t\t\t<div class=\"elementor-widget-wrap elementor-element-populated\">\n\t\t\t\t\t\t<div class=\"elementor-element elementor-element-de6dba7 elementor-widget elementor-widget-heading\" data-id=\"de6dba7\" data-element_type=\"widget\" data-widget_type=\"heading.default\">\n\t\t\t\t<div class=\"elementor-widget-container\">\n\t\t\t\t\t<h3 class=\"elementor-heading-title elementor-size-default\">Kam skirtas SUM<\/h3>\t\t\t\t<\/div>\n\t\t\t\t<\/div>\n\t\t\t\t<div class=\"elementor-element elementor-element-a3c7507 elementor-widget elementor-widget-text-editor\" data-id=\"a3c7507\" data-element_type=\"widget\" data-widget_type=\"text-editor.default\">\n\t\t\t\t<div class=\"elementor-widget-container\">\n\t\t\t\t\t\t\t\t\t<p>SUM yra orientuotas \u012f \u0161ias tikslines auditorijas:<\/p>\t\t\t\t\t\t\t\t<\/div>\n\t\t\t\t<\/div>\n\t\t\t\t<div class=\"elementor-element elementor-element-495ca06 elementor-widget elementor-widget-text-editor\" data-id=\"495ca06\" data-element_type=\"widget\" data-widget_type=\"text-editor.default\">\n\t\t\t\t<div class=\"elementor-widget-container\">\n\t\t\t\t\t\t\t\t\t<ul>\n<li><strong>Pradedantiesiems verslininkams ir darbuotojams<\/strong>, norintiems taikyti \u012eSA praktikoje<\/li>\n<li><strong>Mokytojams ir edukatoriams<\/strong>, norintiems teikti mokymo paslaugas;<\/li>\n<li><strong>Konsultantams <\/strong>ir kitiems profesionalams, prisidedantiems prie startuoli\u0173 veiklos;<\/li>\n<li><strong>Mokslininkams ir akademikams, <\/strong>besidomintiems \u012eSA temomis.<\/li>\n<li><strong>Politiniams veik\u0117jams ir sprendim\u0173 pri\u0117m\u0117jams bei kitiems ekspertams ir suinteresuotiems asmenims<\/strong>, kurie remia startuolius, formuoja \u0161vietimo darbotvarkes ir pasisako u\u017e tvarum\u0105 bei \u012fmoni\u0173 socialin\u0119 atsakomyb\u0119.<\/li>\n<\/ul>\t\t\t\t\t\t\t\t<\/div>\n\t\t\t\t<\/div>\n\t\t\t\t\t<\/div>\n\t\t<\/div>\n\t\t\t\t\t<\/div>\n\t\t<\/section>\n\t\t\t\t<\/div>\n\t\t","protected":false},"excerpt":{"rendered":"<p>Erasmus+ finansuojamo projekto tikslas \u2013 sukurti \u012fmoni\u0173 socialin\u0117s atsakomyb\u0117s (\u012eSA) sistem\u0105, kuri leist\u0173 startuoliams nuo pat prad\u017ei\u0173 galvoti, planuoti ir \u012fgyvendinti socialiai atsakingus \u017eingsnius bei veikt\u0173 kaip neatsiejama strateginio augimo, skaidrumo ir pl\u0117tros priemon\u0117. Projekto Tikslai ocialinio ir ekologinio poveikio vertinimas, atsakingas ir apgalvotas elgesys, verslo sprendim\u0173 ir veiklos vertinimas pagal \u012eSA standartus \u2013 visi [&hellip;]<\/p>\n","protected":false},"author":1,"featured_media":0,"parent":0,"menu_order":1,"comment_status":"closed","ping_status":"closed","template":"","meta":{"footnotes":""},"class_list":["post-283","page","type-page","status-publish","hentry"],"_links":{"self":[{"href":"https:\/\/csrforstartups.eu\/index.php?rest_route=\/wp\/v2\/pages\/283","targetHints":{"allow":["GET"]}}],"collection":[{"href":"https:\/\/csrforstartups.eu\/index.php?rest_route=\/wp\/v2\/pages"}],"about":[{"href":"https:\/\/csrforstartups.eu\/index.php?rest_route=\/wp\/v2\/types\/page"}],"author":[{"embeddable":true,"href":"https:\/\/csrforstartups.eu\/index.php?rest_route=\/wp\/v2\/users\/1"}],"replies":[{"embeddable":true,"href":"https:\/\/csrforstartups.eu\/index.php?rest_route=%2Fwp%2Fv2%2Fcomments&post=283"}],"version-history":[{"count":6,"href":"https:\/\/csrforstartups.eu\/index.php?rest_route=\/wp\/v2\/pages\/283\/revisions"}],"predecessor-version":[{"id":455,"href":"https:\/\/csrforstartups.eu\/index.php?rest_route=\/wp\/v2\/pages\/283\/revisions\/455"}],"wp:attachment":[{"href":"https:\/\/csrforstartups.eu\/index.php?rest_route=%2Fwp%2Fv2%2Fmedia&parent=283"}],"curies":[{"name":"wp","href":"https:\/\/api.w.org\/{rel}","templated":true}]}}