{"id":284,"date":"2021-03-16T12:01:16","date_gmt":"2021-03-16T11:01:16","guid":{"rendered":"https:\/\/csrforstartups.eu\/?page_id=284"},"modified":"2021-03-22T13:25:31","modified_gmt":"2021-03-22T12:25:31","slug":"about-sum-5","status":"publish","type":"page","link":"https:\/\/csrforstartups.eu\/?page_id=284&lang=it","title":{"rendered":"About SUM"},"content":{"rendered":"\t\t<div data-elementor-type=\"wp-page\" data-elementor-id=\"284\" class=\"elementor elementor-284\">\n\t\t\t\t\t\t<section class=\"elementor-section elementor-top-section elementor-element elementor-element-0069540 elementor-section-boxed elementor-section-height-default elementor-section-height-default\" data-id=\"0069540\" data-element_type=\"section\">\n\t\t\t\t\t\t<div class=\"elementor-container elementor-column-gap-default\">\n\t\t\t\t\t<div class=\"elementor-column elementor-col-100 elementor-top-column elementor-element elementor-element-f11ad62\" data-id=\"f11ad62\" data-element_type=\"column\">\n\t\t\t<div class=\"elementor-widget-wrap elementor-element-populated\">\n\t\t\t\t\t\t<div class=\"elementor-element elementor-element-a2f296a elementor-widget elementor-widget-text-editor\" data-id=\"a2f296a\" data-element_type=\"widget\" data-widget_type=\"text-editor.default\">\n\t\t\t\t<div class=\"elementor-widget-container\">\n\t\t\t\t\t\t\t\t\t<p>Il Progetto SUM finanziato dall\u2019Erasmus+ sta per designare un Quadro della RSI che possa guidare le imprese start-up a pensare, pianificare e implementare la responsabilit\u00e0 sociale fin dall\u2019inizio come uno strumento strategico integrale per la visibilit\u00e0, crescita e replicazione.<\/p>\t\t\t\t\t\t\t\t<\/div>\n\t\t\t\t<\/div>\n\t\t\t\t\t<\/div>\n\t\t<\/div>\n\t\t\t\t\t<\/div>\n\t\t<\/section>\n\t\t\t\t<section class=\"elementor-section elementor-top-section elementor-element elementor-element-f527d94 elementor-section-boxed elementor-section-height-default elementor-section-height-default\" data-id=\"f527d94\" data-element_type=\"section\">\n\t\t\t\t\t\t<div class=\"elementor-container elementor-column-gap-default\">\n\t\t\t\t\t<div class=\"elementor-column elementor-col-100 elementor-top-column elementor-element elementor-element-7823cc5\" data-id=\"7823cc5\" data-element_type=\"column\">\n\t\t\t<div class=\"elementor-widget-wrap elementor-element-populated\">\n\t\t\t\t\t\t<div class=\"elementor-element elementor-element-7d9d11e elementor-widget elementor-widget-heading\" data-id=\"7d9d11e\" data-element_type=\"widget\" data-widget_type=\"heading.default\">\n\t\t\t\t<div class=\"elementor-widget-container\">\n\t\t\t\t\t<h3 class=\"elementor-heading-title elementor-size-default\">Obiettivi del Progetto <\/h3>\t\t\t\t<\/div>\n\t\t\t\t<\/div>\n\t\t\t\t<div class=\"elementor-element elementor-element-78d6c8f elementor-widget elementor-widget-text-editor\" data-id=\"78d6c8f\" data-element_type=\"widget\" data-widget_type=\"text-editor.default\">\n\t\t\t\t<div class=\"elementor-widget-container\">\n\t\t\t\t\t\t\t\t\t<p>Riconoscimento degli impatti sociali ed ecologici dell\u2019attivit\u00e0 imprenditoriale, pensare e agire responsabilmente, esaminando le decisioni imprenditoriali per la loro sostenibilit\u00e0, marcando le proprie performance sulla RSI, queste sono tutte competenze importanti per il mondo imprenditoriale odierno. Il SUM vuole preparare meglio imprenditori giovani e meno giovani per impegnarsi di pi\u00f9 nelle questioni della RSI, fornendo loro guida e supporto per costruire le capacit\u00e0 necessarie in un modo innovativo. Gli obiettivi del SUM includono quindi:<\/p>\t\t\t\t\t\t\t\t<\/div>\n\t\t\t\t<\/div>\n\t\t\t\t<div class=\"elementor-element elementor-element-a9f7daa elementor-widget elementor-widget-text-editor\" data-id=\"a9f7daa\" data-element_type=\"widget\" data-widget_type=\"text-editor.default\">\n\t\t\t\t<div class=\"elementor-widget-container\">\n\t\t\t\t\t\t\t\t\t<ul><li>Difendere il valore di una RSI sincera e implementata in modo professionale nelle imprese, specialmente nelle start-up.<\/li><li>Accrescere il tasso di partecipazione delle start up nei processi di RSI attraverso servizi pi\u00f9 accomodanti e una migliore cultura istituzionale.<\/li><li>Contribuire a creare una migliore comprensione di cosa costituisca la RSI: origini, ambiti, imperativi di business e opportunit\u00e0 per le start-up.<\/li><li>Contribuire a chiarire ulteriormente cosa ci si aspetta esattamente dalle start-up per permettere loro di adempiere ai requisiti per la loro RSI.<\/li><li>Rafforzamento delle capacit\u00e0 nelle start-up per l\u2019implementazione dell\u2019azione di responsabilit\u00e0 imprenditoriale.<\/li><li>Enfatizzare la trasparenza aziendale in quanto elemento importante per le start-up per mantenere un\u2019organizzazione affidabile; e dimostrare approcci trasparenti al disegno della RSI. Promuovere un Sistema di ricompense per le start-up pi\u00f9 distinte e trasparenti.<\/li><li>Rafforzare le reti e condividere nuovi punti di vista per incorporare una cultura della RSI nelle start-up, cos\u00ec come le buone pratiche e le risorse di qualit\u00e0.<\/li><\/ul>\t\t\t\t\t\t\t\t<\/div>\n\t\t\t\t<\/div>\n\t\t\t\t\t<\/div>\n\t\t<\/div>\n\t\t\t\t\t<\/div>\n\t\t<\/section>\n\t\t\t\t<section class=\"elementor-section elementor-top-section elementor-element elementor-element-b940df5 elementor-section-boxed elementor-section-height-default elementor-section-height-default\" data-id=\"b940df5\" data-element_type=\"section\">\n\t\t\t\t\t\t<div class=\"elementor-container elementor-column-gap-default\">\n\t\t\t\t\t<div class=\"elementor-column elementor-col-100 elementor-top-column elementor-element elementor-element-931a3f2\" data-id=\"931a3f2\" data-element_type=\"column\">\n\t\t\t<div class=\"elementor-widget-wrap elementor-element-populated\">\n\t\t\t\t\t\t<div class=\"elementor-element elementor-element-008d005 elementor-widget elementor-widget-heading\" data-id=\"008d005\" data-element_type=\"widget\" data-widget_type=\"heading.default\">\n\t\t\t\t<div class=\"elementor-widget-container\">\n\t\t\t\t\t<h3 class=\"elementor-heading-title elementor-size-default\">Approcci e offerta <\/h3>\t\t\t\t<\/div>\n\t\t\t\t<\/div>\n\t\t\t\t<div class=\"elementor-element elementor-element-3419254 elementor-widget elementor-widget-text-editor\" data-id=\"3419254\" data-element_type=\"widget\" data-widget_type=\"text-editor.default\">\n\t\t\t\t<div class=\"elementor-widget-container\">\n\t\t\t\t\t\t\t\t\t<p>Le organizzazioni partner del SUM hanno unito le forze per realizzare gli obiettivi attraverso:<\/p>\t\t\t\t\t\t\t\t<\/div>\n\t\t\t\t<\/div>\n\t\t\t\t<div class=\"elementor-element elementor-element-16f9ea4 elementor-widget elementor-widget-text-editor\" data-id=\"16f9ea4\" data-element_type=\"widget\" data-widget_type=\"text-editor.default\">\n\t\t\t\t<div class=\"elementor-widget-container\">\n\t\t\t\t\t\t\t\t\t<ul><li>La creazione di un Quadro per la responsabilit\u00e0 sociale d\u2019impresa e approccio alla governance per le imprese start-up, che possa diventare uno standard di riferimento a livello regionale, nazionale ed europeo e tenga in considerazione i diritti dei cittadini europei e l\u2019occupazione, l\u2019accountability, la partecipazione dei cittadini, la giustizia sociale e tematiche ambientali.<\/li><li>Creando e indirizzando un approccio di apprendimento innovativo e di supporto sulla responsabilit\u00e0 imprenditoriale degli imprenditori ed impiegati delle start-up cos\u00ec come degli aspiranti imprenditori. La metodologia preveder\u00e0 un apprendimento votato all\u2019azione in situazioni reali, supporto tra peer, lezioni online e visite di studio. Per facilitare il riconoscimento e la certificazione dei rispettivi risultati di apprendimento, il SUM baser\u00e0 la sua offerta di formazione e training sui principi del ECVET (European Credit System for Vocational Education and Training) rispettivamente (European Credit Transfer System, the European transfer and accumulation system for academic achievements).<\/li><li>Fornendo un toolbox accessibile gratuitamente con unit\u00e0 didattiche curate, metodi e strumenti, materiali sulla RSI e la sua integrazione nelle start up.<\/li><li>Fornendo una guida all\u2019adattamento di policy e formazione, basata sulle esperienze pilota, raccomandazioni per l\u2019integrazione dell\u2019offerta formative e i processi di accreditamento in pi\u00f9 ampi e diversi contesti formativi e informando sulle policy future e iniziative in campi simili. La guida sar\u00e0 disegnata e pubblicata come eBook interattivo.<\/li><\/ul>\t\t\t\t\t\t\t\t<\/div>\n\t\t\t\t<\/div>\n\t\t\t\t\t<\/div>\n\t\t<\/div>\n\t\t\t\t\t<\/div>\n\t\t<\/section>\n\t\t\t\t<section class=\"elementor-section elementor-top-section elementor-element elementor-element-a0d78f7 elementor-section-boxed elementor-section-height-default elementor-section-height-default\" data-id=\"a0d78f7\" data-element_type=\"section\">\n\t\t\t\t\t\t<div class=\"elementor-container elementor-column-gap-default\">\n\t\t\t\t\t<div class=\"elementor-column elementor-col-100 elementor-top-column elementor-element elementor-element-41373bd\" data-id=\"41373bd\" data-element_type=\"column\">\n\t\t\t<div class=\"elementor-widget-wrap elementor-element-populated\">\n\t\t\t\t\t\t<div class=\"elementor-element elementor-element-de6dba7 elementor-widget elementor-widget-heading\" data-id=\"de6dba7\" data-element_type=\"widget\" data-widget_type=\"heading.default\">\n\t\t\t\t<div class=\"elementor-widget-container\">\n\t\t\t\t\t<h3 class=\"elementor-heading-title elementor-size-default\">A chi \u00e8 destinato il SUM <\/h3>\t\t\t\t<\/div>\n\t\t\t\t<\/div>\n\t\t\t\t<div class=\"elementor-element elementor-element-a3c7507 elementor-widget elementor-widget-text-editor\" data-id=\"a3c7507\" data-element_type=\"widget\" data-widget_type=\"text-editor.default\">\n\t\t\t\t<div class=\"elementor-widget-container\">\n\t\t\t\t\t\t\t\t\t<p>L\u2019approccio SUM riguarda i seguenti gruppi di persone:<\/p>\t\t\t\t\t\t\t\t<\/div>\n\t\t\t\t<\/div>\n\t\t\t\t<div class=\"elementor-element elementor-element-495ca06 elementor-widget elementor-widget-text-editor\" data-id=\"495ca06\" data-element_type=\"widget\" data-widget_type=\"text-editor.default\">\n\t\t\t\t<div class=\"elementor-widget-container\">\n\t\t\t\t\t\t\t\t\t<ul><li>Imprenditori di start up e lavoratori del settore che vogliono avere a che fare con gli argomenti della RSI in modo pratico;<\/li><li>Formatori ed educatori che desiderano implementare le offerte formative legate alla RSI;<\/li><li>Consulenti e altri professionisti che supportano le aziende start-up;<\/li><li>Ricercatori ed accademici che lavorano sugli argomenti della RSI;<\/li><li>Attori politi e decision-makers e altri esperti rilevanti e stakeholders che supportano le start up, formano l\u2019agenda e l\u2019offerta formativa, fanno da portavoce per la sostenibilit\u00e0 e la responsabilit\u00e0 aziendale.<\/li><\/ul>\t\t\t\t\t\t\t\t<\/div>\n\t\t\t\t<\/div>\n\t\t\t\t\t<\/div>\n\t\t<\/div>\n\t\t\t\t\t<\/div>\n\t\t<\/section>\n\t\t\t\t<\/div>\n\t\t","protected":false},"excerpt":{"rendered":"<p>Il Progetto SUM finanziato dall\u2019Erasmus+ sta per designare un Quadro della RSI che possa guidare le imprese start-up a pensare, pianificare e implementare la responsabilit\u00e0 sociale fin dall\u2019inizio come uno strumento strategico integrale per la visibilit\u00e0, crescita e replicazione. Obiettivi del Progetto Riconoscimento degli impatti sociali ed ecologici dell\u2019attivit\u00e0 imprenditoriale, pensare e agire responsabilmente, esaminando [&hellip;]<\/p>\n","protected":false},"author":1,"featured_media":0,"parent":0,"menu_order":1,"comment_status":"closed","ping_status":"closed","template":"","meta":{"footnotes":""},"class_list":["post-284","page","type-page","status-publish","hentry"],"_links":{"self":[{"href":"https:\/\/csrforstartups.eu\/index.php?rest_route=\/wp\/v2\/pages\/284","targetHints":{"allow":["GET"]}}],"collection":[{"href":"https:\/\/csrforstartups.eu\/index.php?rest_route=\/wp\/v2\/pages"}],"about":[{"href":"https:\/\/csrforstartups.eu\/index.php?rest_route=\/wp\/v2\/types\/page"}],"author":[{"embeddable":true,"href":"https:\/\/csrforstartups.eu\/index.php?rest_route=\/wp\/v2\/users\/1"}],"replies":[{"embeddable":true,"href":"https:\/\/csrforstartups.eu\/index.php?rest_route=%2Fwp%2Fv2%2Fcomments&post=284"}],"version-history":[{"count":5,"href":"https:\/\/csrforstartups.eu\/index.php?rest_route=\/wp\/v2\/pages\/284\/revisions"}],"predecessor-version":[{"id":414,"href":"https:\/\/csrforstartups.eu\/index.php?rest_route=\/wp\/v2\/pages\/284\/revisions\/414"}],"wp:attachment":[{"href":"https:\/\/csrforstartups.eu\/index.php?rest_route=%2Fwp%2Fv2%2Fmedia&parent=284"}],"curies":[{"name":"wp","href":"https:\/\/api.w.org\/{rel}","templated":true}]}}