{"id":286,"date":"2021-03-16T12:01:29","date_gmt":"2021-03-16T11:01:29","guid":{"rendered":"https:\/\/csrforstartups.eu\/?page_id=286"},"modified":"2021-04-20T13:51:08","modified_gmt":"2021-04-20T11:51:08","slug":"about-sum-3","status":"publish","type":"page","link":"https:\/\/csrforstartups.eu\/?page_id=286&lang=es","title":{"rendered":"About SUM"},"content":{"rendered":"\t\t<div data-elementor-type=\"wp-page\" data-elementor-id=\"286\" class=\"elementor elementor-286\">\n\t\t\t\t\t\t<section class=\"elementor-section elementor-top-section elementor-element elementor-element-0069540 elementor-section-boxed elementor-section-height-default elementor-section-height-default\" data-id=\"0069540\" data-element_type=\"section\">\n\t\t\t\t\t\t<div class=\"elementor-container elementor-column-gap-default\">\n\t\t\t\t\t<div class=\"elementor-column elementor-col-100 elementor-top-column elementor-element elementor-element-f11ad62\" data-id=\"f11ad62\" data-element_type=\"column\">\n\t\t\t<div class=\"elementor-widget-wrap elementor-element-populated\">\n\t\t\t\t\t\t<div class=\"elementor-element elementor-element-a2f296a elementor-widget elementor-widget-text-editor\" data-id=\"a2f296a\" data-element_type=\"widget\" data-widget_type=\"text-editor.default\">\n\t\t\t\t<div class=\"elementor-widget-container\">\n\t\t\t\t\t\t\t\t\t<p>El proyecto Sum financiado por Erasmus+ trata de dise\u00f1ar un marco sobre la responsabilidad social corporativa (RSC) que sirva de gu\u00eda a las startups para idear, organizar e implementar la responsabilidad social desde el principio como un instrumento estrat\u00e9gico e integral para la visibilidad, el crecimiento y la expansi\u00f3n.<\/p>\t\t\t\t\t\t\t\t<\/div>\n\t\t\t\t<\/div>\n\t\t\t\t\t<\/div>\n\t\t<\/div>\n\t\t\t\t\t<\/div>\n\t\t<\/section>\n\t\t\t\t<section class=\"elementor-section elementor-top-section elementor-element elementor-element-f527d94 elementor-section-boxed elementor-section-height-default elementor-section-height-default\" data-id=\"f527d94\" data-element_type=\"section\">\n\t\t\t\t\t\t<div class=\"elementor-container elementor-column-gap-default\">\n\t\t\t\t\t<div class=\"elementor-column elementor-col-100 elementor-top-column elementor-element elementor-element-7823cc5\" data-id=\"7823cc5\" data-element_type=\"column\">\n\t\t\t<div class=\"elementor-widget-wrap elementor-element-populated\">\n\t\t\t\t\t\t<div class=\"elementor-element elementor-element-7d9d11e elementor-widget elementor-widget-heading\" data-id=\"7d9d11e\" data-element_type=\"widget\" data-widget_type=\"heading.default\">\n\t\t\t\t<div class=\"elementor-widget-container\">\n\t\t\t\t\t<h3 class=\"elementor-heading-title elementor-size-default\">Objetivos del proyecto<\/h3>\t\t\t\t<\/div>\n\t\t\t\t<\/div>\n\t\t\t\t<div class=\"elementor-element elementor-element-78d6c8f elementor-widget elementor-widget-text-editor\" data-id=\"78d6c8f\" data-element_type=\"widget\" data-widget_type=\"text-editor.default\">\n\t\t\t\t<div class=\"elementor-widget-container\">\n\t\t\t\t\t\t\t\t\t<p>Reconocer los impactos sociales y ecol\u00f3gicos de la actividad empresarial, pensar y actuar de forma responsable, examinar decisiones empresariales o hacer un estudio comparativo sobre su propia actuaci\u00f3n en torno a la RSC son ejemplos de competencias necesarias para el mundo corporativo de hoy en d\u00eda. SUM quiere preparar a los incipientes j\u00f3venes empresarios mejor para que se involucren de forma apropiada con la RSC, proporcionarles gu\u00eda y apoyo para que construyan las capacidades necesarias de una manera innovadora. Por tanto, los objetivos de SUM incluyen:<\/p>\t\t\t\t\t\t\t\t<\/div>\n\t\t\t\t<\/div>\n\t\t\t\t<div class=\"elementor-element elementor-element-a9f7daa elementor-widget elementor-widget-text-editor\" data-id=\"a9f7daa\" data-element_type=\"widget\" data-widget_type=\"text-editor.default\">\n\t\t\t\t<div class=\"elementor-widget-container\">\n\t\t\t\t\t\t\t\t\t<ul><li>Abogar por el valor de una RSC sincera e implementada profesionalmente en las empresas, especialmente en las startups.<\/li><li>Aumentar la tasa de participaci\u00f3n de las startups en el proceso de la RSC mediante servicios m\u00e1s acogedores y una cultura institucional mejorada.<\/li><li>Apoyar en la creaci\u00f3n de un mejor entendimiento de lo que constituye la RSC (responsabilidad social corporativa), sus or\u00edgenes, dimensiones, imperativos comerciales y oportunidades para las startups.<\/li><li>Contribuir a una mayor clarificaci\u00f3n sobre qu\u00e9 es lo que se espera exactamente de las startups para que cumplan con los requisitos de la RSC.<\/li><li>Desarrollar la capacidad de las startups para implementar una acci\u00f3n corporativa responsable.<\/li><li>Enfatizar la transparencia corporativa como un elemento importante para que las startups mantengan una organizaci\u00f3n que sea de confianza; y para demostrar un dise\u00f1o transparente de la RSC.<\/li><li>Fortalecer las conexiones y compartir nuevas claves para integrarse en la cultura de la RSC, as\u00ed como una buena pr\u00e1ctica y calidad en los recursos sobre RSC.<\/li><\/ul>\t\t\t\t\t\t\t\t<\/div>\n\t\t\t\t<\/div>\n\t\t\t\t\t<\/div>\n\t\t<\/div>\n\t\t\t\t\t<\/div>\n\t\t<\/section>\n\t\t\t\t<section class=\"elementor-section elementor-top-section elementor-element elementor-element-b940df5 elementor-section-boxed elementor-section-height-default elementor-section-height-default\" data-id=\"b940df5\" data-element_type=\"section\">\n\t\t\t\t\t\t<div class=\"elementor-container elementor-column-gap-default\">\n\t\t\t\t\t<div class=\"elementor-column elementor-col-100 elementor-top-column elementor-element elementor-element-931a3f2\" data-id=\"931a3f2\" data-element_type=\"column\">\n\t\t\t<div class=\"elementor-widget-wrap elementor-element-populated\">\n\t\t\t\t\t\t<div class=\"elementor-element elementor-element-008d005 elementor-widget elementor-widget-heading\" data-id=\"008d005\" data-element_type=\"widget\" data-widget_type=\"heading.default\">\n\t\t\t\t<div class=\"elementor-widget-container\">\n\t\t\t\t\t<h3 class=\"elementor-heading-title elementor-size-default\">Enfoque y oferta<\/h3>\t\t\t\t<\/div>\n\t\t\t\t<\/div>\n\t\t\t\t<div class=\"elementor-element elementor-element-3419254 elementor-widget elementor-widget-text-editor\" data-id=\"3419254\" data-element_type=\"widget\" data-widget_type=\"text-editor.default\">\n\t\t\t\t<div class=\"elementor-widget-container\">\n\t\t\t\t\t\t\t\t\t<p>Las organizaciones colaboradoras en el proyecto SUM han unido sus fuerzas para alcanzar objetivos de la siguiente manera:<\/p>\t\t\t\t\t\t\t\t<\/div>\n\t\t\t\t<\/div>\n\t\t\t\t<div class=\"elementor-element elementor-element-16f9ea4 elementor-widget elementor-widget-text-editor\" data-id=\"16f9ea4\" data-element_type=\"widget\" data-widget_type=\"text-editor.default\">\n\t\t\t\t<div class=\"elementor-widget-container\">\n\t\t\t\t\t\t\t\t\t<ul><li>Estableciendo <strong>un marco sobre la Responsabilidad Social Corporativa (RSC) y una gobernanza para las startups<\/strong> que funcione como una gu\u00eda regional, nacional y europea y que tenga en cuenta los derechos de los ciudadanos europeos y la empleabilidad, la responsabilidad, la participaci\u00f3n ciudadana, la justicia social y el medioambiente.<\/li><li>Creando y pilotando <strong>un aprendizaje innovador y apoyando la responsabilidad empresarial<\/strong> por parte de los empresarios y trabajadores de las startups, as\u00ed como a los futuros empresarios. La metodolog\u00eda prevista permitir\u00e1 una acci\u00f3n flexible orientada al aprendizaje en situaciones reales, apoyo entre iguales, aprendizaje online y viajes de estudios. Para facilitar el reconocimiento y la certificaci\u00f3n de dichos objetivos de aprendizaje, SUM basar\u00e1 su oferta educativa en los principios del ECVET (Sistema Europeo de Cr\u00e9ditos para la Educaci\u00f3n y la Formaci\u00f3n Profesional) y del ECTS (Sistema Europeo de Transferencia y Acumulaci\u00f3n de Cr\u00e9ditos) respectivamente).<\/li><li>Proporcionando <strong>una toolbox online accesible y gratuita<\/strong> con m\u00f3dulos de aprendizaje, m\u00e9todos y herramientas para la consideraci\u00f3n y la inclusi\u00f3n de la RSC en startups.<\/li><li>Proporcionando <strong>un entrenamiento y una gu\u00eda de adaptaci\u00f3n<\/strong> basada en las experiencias piloto, recomendaciones para la integraci\u00f3n de la oferta de aprendizaje y los procesos de acreditaci\u00f3n en diferentes y amplios entornos educativos e iniciativas en \u00e1mbitos similares. La gu\u00eda se dise\u00f1ar\u00e1 y se publicar\u00e1 como un e-book interactivo.<\/li><\/ul>\t\t\t\t\t\t\t\t<\/div>\n\t\t\t\t<\/div>\n\t\t\t\t\t<\/div>\n\t\t<\/div>\n\t\t\t\t\t<\/div>\n\t\t<\/section>\n\t\t\t\t<section class=\"elementor-section elementor-top-section elementor-element elementor-element-a0d78f7 elementor-section-boxed elementor-section-height-default elementor-section-height-default\" data-id=\"a0d78f7\" data-element_type=\"section\">\n\t\t\t\t\t\t<div class=\"elementor-container elementor-column-gap-default\">\n\t\t\t\t\t<div class=\"elementor-column elementor-col-100 elementor-top-column elementor-element elementor-element-41373bd\" data-id=\"41373bd\" data-element_type=\"column\">\n\t\t\t<div class=\"elementor-widget-wrap elementor-element-populated\">\n\t\t\t\t\t\t<div class=\"elementor-element elementor-element-de6dba7 elementor-widget elementor-widget-heading\" data-id=\"de6dba7\" data-element_type=\"widget\" data-widget_type=\"heading.default\">\n\t\t\t\t<div class=\"elementor-widget-container\">\n\t\t\t\t\t<h3 class=\"elementor-heading-title elementor-size-default\">A qui\u00e9n est\u00e1 dirigido SUM<\/h3>\t\t\t\t<\/div>\n\t\t\t\t<\/div>\n\t\t\t\t<div class=\"elementor-element elementor-element-a3c7507 elementor-widget elementor-widget-text-editor\" data-id=\"a3c7507\" data-element_type=\"widget\" data-widget_type=\"text-editor.default\">\n\t\t\t\t<div class=\"elementor-widget-container\">\n\t\t\t\t\t\t\t\t\t<p>Sum involucrar\u00e1 a los siguientes grupos de personas:<\/p>\t\t\t\t\t\t\t\t<\/div>\n\t\t\t\t<\/div>\n\t\t\t\t<div class=\"elementor-element elementor-element-495ca06 elementor-widget elementor-widget-text-editor\" data-id=\"495ca06\" data-element_type=\"widget\" data-widget_type=\"text-editor.default\">\n\t\t\t\t<div class=\"elementor-widget-container\">\n\t\t\t\t\t\t\t\t\t<ul><li><strong>Empresarios de startups y trabajadores relevantes<\/strong> que quieran tratar el tema de la RSC de una manera pr\u00e1ctica;<\/li><li><strong>Instructores y educadores<\/strong> que quieran implementar ofertas educativas relevantes;<\/li><li><strong>Asesores<\/strong> y otros profesionales que apoyen a las startups<\/li><li><strong>Investigadores y acad\u00e9micos<\/strong> que trabajen en el estudio de la RSC;<\/li><li><strong>Actores pol\u00edticos y responsables de la toma de decisiones, as\u00ed como otros expertos relevantes y grupos de inter\u00e9s<\/strong> que apoyen las startups, dise\u00f1en la oferta educativa y aboguen por la responsabilidad y la sostenibilidad educativa.<\/li><\/ul>\t\t\t\t\t\t\t\t<\/div>\n\t\t\t\t<\/div>\n\t\t\t\t\t<\/div>\n\t\t<\/div>\n\t\t\t\t\t<\/div>\n\t\t<\/section>\n\t\t\t\t<\/div>\n\t\t","protected":false},"excerpt":{"rendered":"<p>El proyecto Sum financiado por Erasmus+ trata de dise\u00f1ar un marco sobre la responsabilidad social corporativa (RSC) que sirva de gu\u00eda a las startups para idear, organizar e implementar la responsabilidad social desde el principio como un instrumento estrat\u00e9gico e integral para la visibilidad, el crecimiento y la expansi\u00f3n. Objetivos del proyecto Reconocer los impactos [&hellip;]<\/p>\n","protected":false},"author":1,"featured_media":0,"parent":0,"menu_order":1,"comment_status":"closed","ping_status":"closed","template":"","meta":{"footnotes":""},"class_list":["post-286","page","type-page","status-publish","hentry"],"_links":{"self":[{"href":"https:\/\/csrforstartups.eu\/index.php?rest_route=\/wp\/v2\/pages\/286","targetHints":{"allow":["GET"]}}],"collection":[{"href":"https:\/\/csrforstartups.eu\/index.php?rest_route=\/wp\/v2\/pages"}],"about":[{"href":"https:\/\/csrforstartups.eu\/index.php?rest_route=\/wp\/v2\/types\/page"}],"author":[{"embeddable":true,"href":"https:\/\/csrforstartups.eu\/index.php?rest_route=\/wp\/v2\/users\/1"}],"replies":[{"embeddable":true,"href":"https:\/\/csrforstartups.eu\/index.php?rest_route=%2Fwp%2Fv2%2Fcomments&post=286"}],"version-history":[{"count":6,"href":"https:\/\/csrforstartups.eu\/index.php?rest_route=\/wp\/v2\/pages\/286\/revisions"}],"predecessor-version":[{"id":480,"href":"https:\/\/csrforstartups.eu\/index.php?rest_route=\/wp\/v2\/pages\/286\/revisions\/480"}],"wp:attachment":[{"href":"https:\/\/csrforstartups.eu\/index.php?rest_route=%2Fwp%2Fv2%2Fmedia&parent=286"}],"curies":[{"name":"wp","href":"https:\/\/api.w.org\/{rel}","templated":true}]}}