{"id":309,"date":"2021-03-16T13:01:17","date_gmt":"2021-03-16T12:01:17","guid":{"rendered":"https:\/\/csrforstartups.eu\/?page_id=309"},"modified":"2022-08-05T12:08:02","modified_gmt":"2022-08-05T10:08:02","slug":"learning-platform-6","status":"publish","type":"page","link":"https:\/\/csrforstartups.eu\/?page_id=309&lang=lt","title":{"rendered":"Learning Platform"},"content":{"rendered":"\t\t<div data-elementor-type=\"wp-page\" data-elementor-id=\"309\" class=\"elementor elementor-309\">\n\t\t\t\t\t\t<section class=\"elementor-section elementor-top-section elementor-element elementor-element-44fa2bb elementor-section-boxed elementor-section-height-default elementor-section-height-default\" data-id=\"44fa2bb\" data-element_type=\"section\">\n\t\t\t\t\t\t<div class=\"elementor-container elementor-column-gap-default\">\n\t\t\t\t\t\t<\/div>\n\t\t<\/section>\n\t\t\t\t<section class=\"elementor-section elementor-top-section elementor-element elementor-element-926222c elementor-section-boxed elementor-section-height-default elementor-section-height-default\" data-id=\"926222c\" data-element_type=\"section\">\n\t\t\t\t\t\t<div class=\"elementor-container elementor-column-gap-default\">\n\t\t\t\t\t<div class=\"elementor-column elementor-col-66 elementor-top-column elementor-element elementor-element-d0f6531\" data-id=\"d0f6531\" data-element_type=\"column\">\n\t\t\t<div class=\"elementor-widget-wrap elementor-element-populated\">\n\t\t\t\t\t\t<div class=\"elementor-element elementor-element-9706191 elementor-widget elementor-widget-text-editor\" data-id=\"9706191\" data-element_type=\"widget\" data-widget_type=\"text-editor.default\">\n\t\t\t\t<div class=\"elementor-widget-container\">\n\t\t\t\t\t\t\t\t\t<p><span id=\"docs-internal-guid-921665ed-7fff-2e8f-f5b9-815254a527f8\"><span style=\"font-size: 11pt; font-family: Arial; color: #000000; background-color: transparent; font-variant-numeric: normal; font-variant-east-asian: normal; vertical-align: baseline; white-space: pre-wrap;\">SUM projekto e. mokymosi platforma yra atviras \u0161vietimo ir mokymosi \u0161altinis, kuris yra skirtas visiems besidomintiems ar susijusiems su korporatyvin\u0117s socialin\u0117s atsakomyb\u0117s startuoliams tema. Mokymosi platforma suteikia prieig\u0105 prie mokymosi moduli\u0173 ir interaktyvi\u0173 priemoni\u0173, kurios suteikia galimyb\u0119 pasinerti \u012f SUM konsorciumo moksliniais tyrimais pagr\u012fst\u0105 diskurs\u0105. Nuo 2022 met\u0173 rudenio mokymosi aplinka yra prieinama visiems susidom\u0117jusiems naudotojams. <\/span><\/span><\/p>\t\t\t\t\t\t\t\t<\/div>\n\t\t\t\t<\/div>\n\t\t\t\t<div class=\"elementor-element elementor-element-28183ff elementor-widget elementor-widget-button\" data-id=\"28183ff\" data-element_type=\"widget\" data-widget_type=\"button.default\">\n\t\t\t\t<div class=\"elementor-widget-container\">\n\t\t\t\t\t\t\t\t\t<div class=\"elementor-button-wrapper\">\n\t\t\t\t\t<a class=\"elementor-button elementor-button-link elementor-size-sm\" href=\"https:\/\/learning.csrforstartups.eu\/lt\/login-lietuviskai\/\">\n\t\t\t\t\t\t<span class=\"elementor-button-content-wrapper\">\n\t\t\t\t\t\t\t\t\t<span class=\"elementor-button-text\">Keliauti \u012f e. platform\u0105<\/span>\n\t\t\t\t\t<\/span>\n\t\t\t\t\t<\/a>\n\t\t\t\t<\/div>\n\t\t\t\t\t\t\t\t<\/div>\n\t\t\t\t<\/div>\n\t\t\t\t\t<\/div>\n\t\t<\/div>\n\t\t\t\t<div class=\"elementor-column elementor-col-33 elementor-top-column elementor-element elementor-element-c9ac2d1\" data-id=\"c9ac2d1\" data-element_type=\"column\">\n\t\t\t<div class=\"elementor-widget-wrap elementor-element-populated\">\n\t\t\t\t\t\t<div class=\"elementor-element elementor-element-45e8d96 elementor-widget elementor-widget-image\" data-id=\"45e8d96\" data-element_type=\"widget\" data-widget_type=\"image.default\">\n\t\t\t\t<div class=\"elementor-widget-container\">\n\t\t\t\t\t\t\t\t\t\t\t\t\t\t\t<img fetchpriority=\"high\" decoding=\"async\" width=\"284\" height=\"300\" src=\"https:\/\/csrforstartups.eu\/wp-content\/uploads\/2021\/03\/onlinePlattform-284x300.png\" class=\"attachment-medium size-medium wp-image-210\" alt=\"\" srcset=\"https:\/\/csrforstartups.eu\/wp-content\/uploads\/2021\/03\/onlinePlattform-284x300.png 284w, https:\/\/csrforstartups.eu\/wp-content\/uploads\/2021\/03\/onlinePlattform.png 500w\" sizes=\"(max-width: 284px) 100vw, 284px\" \/>\t\t\t\t\t\t\t\t\t\t\t\t\t\t\t<\/div>\n\t\t\t\t<\/div>\n\t\t\t\t\t<\/div>\n\t\t<\/div>\n\t\t\t\t\t<\/div>\n\t\t<\/section>\n\t\t\t\t<section class=\"elementor-section elementor-top-section elementor-element elementor-element-5f56011 elementor-section-boxed elementor-section-height-default elementor-section-height-default\" data-id=\"5f56011\" data-element_type=\"section\">\n\t\t\t\t\t\t<div class=\"elementor-container elementor-column-gap-default\">\n\t\t\t\t\t<div class=\"elementor-column elementor-col-100 elementor-top-column elementor-element elementor-element-8c4a529\" data-id=\"8c4a529\" data-element_type=\"column\">\n\t\t\t<div class=\"elementor-widget-wrap\">\n\t\t\t\t\t\t\t<\/div>\n\t\t<\/div>\n\t\t\t\t\t<\/div>\n\t\t<\/section>\n\t\t\t\t<\/div>\n\t\t","protected":false},"excerpt":{"rendered":"<p>SUM projekto e. mokymosi platforma yra atviras \u0161vietimo ir mokymosi \u0161altinis, kuris yra skirtas visiems besidomintiems ar susijusiems su korporatyvin\u0117s socialin\u0117s atsakomyb\u0117s startuoliams tema. Mokymosi platforma suteikia prieig\u0105 prie mokymosi moduli\u0173 ir interaktyvi\u0173 priemoni\u0173, kurios suteikia galimyb\u0119 pasinerti \u012f SUM konsorciumo moksliniais tyrimais pagr\u012fst\u0105 diskurs\u0105. Nuo 2022 met\u0173 rudenio mokymosi aplinka yra prieinama visiems susidom\u0117jusiems [&hellip;]<\/p>\n","protected":false},"author":1,"featured_media":0,"parent":0,"menu_order":3,"comment_status":"closed","ping_status":"closed","template":"","meta":{"footnotes":""},"class_list":["post-309","page","type-page","status-publish","hentry"],"_links":{"self":[{"href":"https:\/\/csrforstartups.eu\/index.php?rest_route=\/wp\/v2\/pages\/309","targetHints":{"allow":["GET"]}}],"collection":[{"href":"https:\/\/csrforstartups.eu\/index.php?rest_route=\/wp\/v2\/pages"}],"about":[{"href":"https:\/\/csrforstartups.eu\/index.php?rest_route=\/wp\/v2\/types\/page"}],"author":[{"embeddable":true,"href":"https:\/\/csrforstartups.eu\/index.php?rest_route=\/wp\/v2\/users\/1"}],"replies":[{"embeddable":true,"href":"https:\/\/csrforstartups.eu\/index.php?rest_route=%2Fwp%2Fv2%2Fcomments&post=309"}],"version-history":[{"count":4,"href":"https:\/\/csrforstartups.eu\/index.php?rest_route=\/wp\/v2\/pages\/309\/revisions"}],"predecessor-version":[{"id":715,"href":"https:\/\/csrforstartups.eu\/index.php?rest_route=\/wp\/v2\/pages\/309\/revisions\/715"}],"wp:attachment":[{"href":"https:\/\/csrforstartups.eu\/index.php?rest_route=%2Fwp%2Fv2%2Fmedia&parent=309"}],"curies":[{"name":"wp","href":"https:\/\/api.w.org\/{rel}","templated":true}]}}