{"id":313,"date":"2021-03-16T13:01:55","date_gmt":"2021-03-16T12:01:55","guid":{"rendered":"https:\/\/csrforstartups.eu\/?page_id=313"},"modified":"2022-08-05T11:46:07","modified_gmt":"2022-08-05T09:46:07","slug":"learning-platform-2","status":"publish","type":"page","link":"https:\/\/csrforstartups.eu\/?page_id=313&lang=de","title":{"rendered":"Learning Platform"},"content":{"rendered":"\t\t<div data-elementor-type=\"wp-page\" data-elementor-id=\"313\" class=\"elementor elementor-313\">\n\t\t\t\t\t\t<section class=\"elementor-section elementor-top-section elementor-element elementor-element-44fa2bb elementor-section-boxed elementor-section-height-default elementor-section-height-default\" data-id=\"44fa2bb\" data-element_type=\"section\">\n\t\t\t\t\t\t<div class=\"elementor-container elementor-column-gap-default\">\n\t\t\t\t\t\t<\/div>\n\t\t<\/section>\n\t\t\t\t<section class=\"elementor-section elementor-top-section elementor-element elementor-element-926222c elementor-section-boxed elementor-section-height-default elementor-section-height-default\" data-id=\"926222c\" data-element_type=\"section\">\n\t\t\t\t\t\t<div class=\"elementor-container elementor-column-gap-default\">\n\t\t\t\t\t<div class=\"elementor-column elementor-col-66 elementor-top-column elementor-element elementor-element-d0f6531\" data-id=\"d0f6531\" data-element_type=\"column\">\n\t\t\t<div class=\"elementor-widget-wrap elementor-element-populated\">\n\t\t\t\t\t\t<div class=\"elementor-element elementor-element-9706191 elementor-widget elementor-widget-text-editor\" data-id=\"9706191\" data-element_type=\"widget\" data-widget_type=\"text-editor.default\">\n\t\t\t\t<div class=\"elementor-widget-container\">\n\t\t\t\t\t\t\t\t\t<p>Die E-Learning-Plattform des Projekts SUM ist eine offene Ressourcenbank f\u00fcr Bildung und Training f\u00fcr alle, die sich f\u00fcr &#8222;CSR f\u00fcr Start-ups&#8220; interessieren. Die Lernplattform steht allen interessierten NutzerInnen zur Verf\u00fcgung . Der Zugriff auf die Lernmodule und interaktiven Tools erm\u00f6glicht es, in den Forschungsdiskurs sowie die Vorgehensweisen und Empfehlungen des SUM-Konsortiums einzutauchen.<\/p>\t\t\t\t\t\t\t\t<\/div>\n\t\t\t\t<\/div>\n\t\t\t\t<div class=\"elementor-element elementor-element-11e85ec elementor-widget elementor-widget-button\" data-id=\"11e85ec\" data-element_type=\"widget\" data-widget_type=\"button.default\">\n\t\t\t\t<div class=\"elementor-widget-container\">\n\t\t\t\t\t\t\t\t\t<div class=\"elementor-button-wrapper\">\n\t\t\t\t\t<a class=\"elementor-button elementor-button-link elementor-size-sm\" href=\"https:\/\/learning.csrforstartups.eu\/de\/login-deutsch\/\">\n\t\t\t\t\t\t<span class=\"elementor-button-content-wrapper\">\n\t\t\t\t\t\t\t\t\t<span class=\"elementor-button-text\">Zur Lernplattform<\/span>\n\t\t\t\t\t<\/span>\n\t\t\t\t\t<\/a>\n\t\t\t\t<\/div>\n\t\t\t\t\t\t\t\t<\/div>\n\t\t\t\t<\/div>\n\t\t\t\t\t<\/div>\n\t\t<\/div>\n\t\t\t\t<div class=\"elementor-column elementor-col-33 elementor-top-column elementor-element elementor-element-c9ac2d1\" data-id=\"c9ac2d1\" data-element_type=\"column\">\n\t\t\t<div class=\"elementor-widget-wrap elementor-element-populated\">\n\t\t\t\t\t\t<div class=\"elementor-element elementor-element-45e8d96 elementor-widget elementor-widget-image\" data-id=\"45e8d96\" data-element_type=\"widget\" data-widget_type=\"image.default\">\n\t\t\t\t<div class=\"elementor-widget-container\">\n\t\t\t\t\t\t\t\t\t\t\t\t\t\t\t<img fetchpriority=\"high\" decoding=\"async\" width=\"284\" height=\"300\" src=\"https:\/\/csrforstartups.eu\/wp-content\/uploads\/2021\/03\/onlinePlattform-284x300.png\" class=\"attachment-medium size-medium wp-image-210\" alt=\"\" srcset=\"https:\/\/csrforstartups.eu\/wp-content\/uploads\/2021\/03\/onlinePlattform-284x300.png 284w, https:\/\/csrforstartups.eu\/wp-content\/uploads\/2021\/03\/onlinePlattform.png 500w\" sizes=\"(max-width: 284px) 100vw, 284px\" \/>\t\t\t\t\t\t\t\t\t\t\t\t\t\t\t<\/div>\n\t\t\t\t<\/div>\n\t\t\t\t\t<\/div>\n\t\t<\/div>\n\t\t\t\t\t<\/div>\n\t\t<\/section>\n\t\t\t\t<section class=\"elementor-section elementor-top-section elementor-element elementor-element-8916c91 elementor-section-boxed elementor-section-height-default elementor-section-height-default\" data-id=\"8916c91\" data-element_type=\"section\">\n\t\t\t\t\t\t<div class=\"elementor-container elementor-column-gap-default\">\n\t\t\t\t\t<div class=\"elementor-column elementor-col-100 elementor-top-column elementor-element elementor-element-fe2df30\" data-id=\"fe2df30\" data-element_type=\"column\">\n\t\t\t<div class=\"elementor-widget-wrap\">\n\t\t\t\t\t\t\t<\/div>\n\t\t<\/div>\n\t\t\t\t\t<\/div>\n\t\t<\/section>\n\t\t\t\t<\/div>\n\t\t","protected":false},"excerpt":{"rendered":"<p>Die E-Learning-Plattform des Projekts SUM ist eine offene Ressourcenbank f\u00fcr Bildung und Training f\u00fcr alle, die sich f\u00fcr &#8222;CSR f\u00fcr Start-ups&#8220; interessieren. Die Lernplattform steht allen interessierten NutzerInnen zur Verf\u00fcgung . Der Zugriff auf die Lernmodule und interaktiven Tools erm\u00f6glicht es, in den Forschungsdiskurs sowie die Vorgehensweisen und Empfehlungen des SUM-Konsortiums einzutauchen. Zur Lernplattform<\/p>\n","protected":false},"author":1,"featured_media":0,"parent":0,"menu_order":3,"comment_status":"closed","ping_status":"closed","template":"","meta":{"footnotes":""},"class_list":["post-313","page","type-page","status-publish","hentry"],"_links":{"self":[{"href":"https:\/\/csrforstartups.eu\/index.php?rest_route=\/wp\/v2\/pages\/313","targetHints":{"allow":["GET"]}}],"collection":[{"href":"https:\/\/csrforstartups.eu\/index.php?rest_route=\/wp\/v2\/pages"}],"about":[{"href":"https:\/\/csrforstartups.eu\/index.php?rest_route=\/wp\/v2\/types\/page"}],"author":[{"embeddable":true,"href":"https:\/\/csrforstartups.eu\/index.php?rest_route=\/wp\/v2\/users\/1"}],"replies":[{"embeddable":true,"href":"https:\/\/csrforstartups.eu\/index.php?rest_route=%2Fwp%2Fv2%2Fcomments&post=313"}],"version-history":[{"count":10,"href":"https:\/\/csrforstartups.eu\/index.php?rest_route=\/wp\/v2\/pages\/313\/revisions"}],"predecessor-version":[{"id":696,"href":"https:\/\/csrforstartups.eu\/index.php?rest_route=\/wp\/v2\/pages\/313\/revisions\/696"}],"wp:attachment":[{"href":"https:\/\/csrforstartups.eu\/index.php?rest_route=%2Fwp%2Fv2%2Fmedia&parent=313"}],"curies":[{"name":"wp","href":"https:\/\/api.w.org\/{rel}","templated":true}]}}