{"id":741,"date":"2022-08-17T22:00:22","date_gmt":"2022-08-17T20:00:22","guid":{"rendered":"https:\/\/csrforstartups.eu\/?page_id=741"},"modified":"2025-03-17T15:07:07","modified_gmt":"2025-03-17T14:07:07","slug":"datenschutzerklaerung","status":"publish","type":"page","link":"https:\/\/csrforstartups.eu\/?page_id=741&lang=de","title":{"rendered":"Datenschutzerkl\u00e4rung"},"content":{"rendered":"<p><strong>Datenschutzerkl\u00e4rung<\/strong><\/p>\n<p>Der Schutz Ihrer personenbezogenen Daten ist uns ein besonderes Anliegen. In dieser Datenschutzerkl\u00e4rung informieren wir Sie dar\u00fcber, wie wir Ihre personenbezogenen Daten verarbeiten, wenn Sie unsere Website besuchen oder wenn Sie Zusendungen \u00fcber unseren Newsletter oder unseren Presseverteiler erhalten.<\/p>\n<p>&nbsp;<\/p>\n<p><strong>Allgemeine Informationen:<\/strong><\/p>\n<p>Verantwortlich f\u00fcr die Verarbeitung Ihrer personenbezogenen Daten im Rahmen dieser Website ist<\/p>\n<p>die Berater Unternehmensberatungs GmbH<br \/>\nWipplingerstra\u00dfe 32\/24-26<br \/>\n1010 Wien<br \/>\n<a href=\"mailto:office@dieberater.com\">office@dieberater.com<\/a><\/p>\n<p>&nbsp;<\/p>\n<p><strong>Datenverarbeitung:<\/strong><\/p>\n<ol>\n<li><u>Zweck der Datenverarbeitung:<\/u><\/li>\n<\/ol>\n<p>Wir verarbeiten Ihre personenbezogenen Daten ausschlie\u00dflich zu den folgenden Zwecken:<\/p>\n<ol>\n<li>Erstellung und Auswertung von Server-Logs zur Sicherung der Performance unserer Website;<\/li>\n<li>Zuordnung und Beantwortung von Kontaktaufnahmen \u00fcber unser Website-Kontaktformular;<\/li>\n<li>Zusendung unseres Newsletters und von Marketingmaterial und Analyse der Effektivit\u00e4t unseres Newsletters;<\/li>\n<li>Zusendung von Mitteilungen \u00fcber unseren Presseverteiler und Analyse der Effektivit\u00e4t unseres Presseverteilers;<\/li>\n<li>Durchsetzung von oder Verteidigung gegen Rechtsanspr\u00fcche im Zusammenhang mit unserer Website;<\/li>\n<li>Einhaltung von Aufzeichnungs-, Auskunfts- und Meldepflichten, soweit gesetzlich erforderlich;<\/li>\n<\/ol>\n<p>&nbsp;<\/p>\n<p>Nur mit Ihrer Zustimmung im Cookie-Banner:<\/p>\n<p>&nbsp;<\/p>\n<ol>\n<li>Erhebung von Statistik-Daten \u00fcber Ihre Nutzung unserer Website zu Analysezwecken mittels des Analysedienstes Matomo \u2013 siehe hierzu im Detail den Punkt \u201eAnalyse mit Matomo\u201c weiter unten in dieser Datenschutzerkl\u00e4rung;<\/li>\n<\/ol>\n<p>&nbsp;<\/p>\n<ol start=\"2\">\n<li><u>Herkunft der personenbezogenen Daten:<\/u><\/li>\n<\/ol>\n<p>Diese Daten erheben wir ausschlie\u00dflich von Ihnen selbst, indem Sie uns diese \u00fcber unser Kontaktformular mitteilen, oder indem wir diese anhand Ihrer Nutzung unserer Website erheben.<\/p>\n<p>Zum oben genannten Zweck 1a erstellen wir auch Server-Logs \u00fcber Ihren Besuch unserer Website. Die erstellten Server-Logs beinhalten gewisse Meta-Daten \u00fcber Ihren Besuch unserer Website (z.B. IP-Adresse, verwendeter Browser-Typ und Datum und Uhrzeit des Zugriffs). Die so erhobenen Daten erlauben dabei in der Regel keinen R\u00fcckschluss auf Ihre Person, ein solcher Personenbezug ist jedoch in Ausnahmef\u00e4llen durch Kombination mit anderen Daten m\u00f6glich. Ebenso kann unter Umst\u00e4nden durch die erhobenen Daten (wie z.B. Ihre IP-Adresse) festgestellt werden, dass mehrere Zugriffe von derselben Person stammen. Diese Server-Logs werden von uns nur im Anlassfall eingesehen bzw. ausgewertet.<\/p>\n<ol start=\"3\">\n<li><u>Rechtliche Grundlage der Verarbeitung Ihrer personenbezogenen Daten:<\/u><\/li>\n<\/ol>\n<p>Diese Verarbeitung Ihrer personenbezogenen Daten zu den unter 1. genannten Zwecken beruht auf den folgenden Rechtsgrundlagen:<\/p>\n<ul>\n<li><em>Datenverarbeitung zu den Zwecken 1a) und 1e):<\/em><\/li>\n<\/ul>\n<p>Die Datenverarbeitung zu diesen Zwecken beruht darauf, dass wir ein berechtigtes Interesse daran haben, die Performance unserer Website zu sichern, sowie darauf, dass wir ein berechtigtes Interesse daran haben, etwaige Rechtsanspr\u00fcche, die in Zusammenhang mit unserer Website entstehen, entstehen k\u00f6nnten oder erhoben werden, durchzusetzen und uns gegen etwaige solche Rechtsanspr\u00fcche zu verteidigen (Art\u00a06\u00a0Abs\u00a01\u00a0lit\u00a0f\u00a0DSGVO).<\/p>\n<ul>\n<li><em>Datenverarbeitung zum Zweck 1b):<\/em><\/li>\n<\/ul>\n<p>Die Datenverarbeitung Ihrer Daten, die Sie in unser Website-Kontaktformular eingeben, zu diesem Zweck 1b) beruht darauf, dass wir ein berechtigtes Interesse daran haben, Ihre Kontaktaufnahme empfangen, bearbeiten und beantworten zu k\u00f6nnen (Art 6 Abs 1 lit f DSGVO).<\/p>\n<ul>\n<li><em>Datenverarbeitung zu den Zwecken 1c) und 1d):<\/em><\/li>\n<\/ul>\n<p>Wenn wir Ihre Kontaktdaten erhalten haben, da Sie bereits bei uns Waren bestellt oder Dienstleistungen bezogen haben, k\u00f6nnen wir Ihnen unseren Newsletter mit Hinweisen auf \u00e4hnliche Produkte oder Dienstleistungen zu jenen, die Sie bereits erhalten haben, und Aktionen und Neuigkeiten im Hinblick auf diese Produkte oder Dienstleistungen zusenden.<\/p>\n<p>Die Datenverarbeitung zu diesem Zweck beruht auf unserem berechtigten Interesse, Sie \u00fcber unsere Produkte, Leistungen und Aktionen zu informieren (Art 6 Abs 1 lit f DSGVO iVm \u00a7 174 Abs 3 TKG 2021).<\/p>\n<p>Daneben k\u00f6nnen Sie sich auch aktiv zu unserem Newsletter und zu unserem Presseverteiler anmelden. Diesfalls beruht diese Datenverarbeitung auf Ihrer ausdr\u00fccklichen Zustimmung zum Erhalt des Newsletters bzw. Presseverteilers (Art\u00a06\u00a0Abs\u00a01\u00a0lit\u00a0a DSGVO iVm \u00a7 174 Abs 2 TKG 2021).<\/p>\n<p>Die Erhebung von Daten \u00fcber Ihren Erhalt von bzw. Ihre Reaktion auf unseren Newsletter oder Presseverteiler beruht auf unserem berechtigten Interesse, die Effektivit\u00e4t unseres Newsletters und der Zusendungen \u00fcber unseren Presseverteiler zu analysieren, um unsere Newsletter und die Aussendungen \u00fcber unseren Presseverteiler besser auf Ihre Interessen abstimmen zu k\u00f6nnen und um Zustellfehler zu beheben (Art 6 Abs 1 lit f DSGVO).<\/p>\n<p>Sie k\u00f6nnen der Zusendung des Newsletters bzw. des Presseverteilers an Sie jederzeit widersprechen bzw. Ihre Zustimmung widerrufen, indem Sie auf den Abmelde-Link klicken, der in jedem Newsletter bzw. in jeder Zusendung \u00fcber den Presseverteiler enthalten ist, oder uns an obige Kontaktadresse eine entsprechende Nachricht zusenden.<\/p>\n<ul>\n<li><em>Datenverarbeitung zum Zweck 1f):<\/em><\/li>\n<\/ul>\n<p>Die Datenverarbeitung zu diesem Zweck beruht darauf, dass die Verarbeitung dieser Daten notwendig ist, damit wir unsere rechtlichen Verpflichtungen, n\u00e4mlich die gesetzlichen Aufzeichnungs\u2011, Auskunfts- und Meldepflichten, erf\u00fcllen k\u00f6nnen (Art\u00a06\u00a0Abs\u00a01\u00a0lit\u00a0c DSGVO).<\/p>\n<ul>\n<li><em>Datenverarbeitung zu Zweck 1g):<\/em><\/li>\n<\/ul>\n<p>Siehe hierzu unten den Punkt \u201eAnalyse mit Matomo\u201c<\/p>\n<ol start=\"4\">\n<li><u>Weiterleitung Ihrer personenbezogenen Daten an Dritte:<\/u><\/li>\n<\/ol>\n<p>Wir ziehen zur Sicherstellung der Sicherheit, Erreichbarkeit und der Effizienz unserer Website und Arbeitsumgebung IT-Dienstleister als Auftragsverarbeiter bei. Auch diesen werden unter Umst\u00e4nden Ihre personenbezogenen Daten zu den oben genannten Zwecken (1a-1g) zug\u00e4nglich gemacht.<\/p>\n<p>Auch ziehen wir zur Erreichung der oben genannten Zwecke 1c) und 1d) Marketingdienstleister bei, denen Ihre Kontaktdaten und die so erhobenen Analysedaten zu diesem Zweck unter Umst\u00e4nden zug\u00e4nglich gemacht werden.<\/p>\n<p>Falls zum oben genannten Zweck 1e) notwendig, werden wir Ihre personenbezogenen Daten an unsere Rechtsvertreter sowie an Gerichte weiterleiten. Falls zur Erreichung des oben genannten Zwecks 1f) notwendig und gesetzlich geboten, werden wir Ihre personenbezogenen Daten an dazu berechtigte Beh\u00f6rden oder Dritte weiterleiten.<\/p>\n<p>Soweit nicht in dieser Datenschutzerkl\u00e4rung ausdr\u00fccklich anders ausgef\u00fchrt, \u00fcbermitteln wir keine personenbezogenen Daten in Drittl\u00e4nder au\u00dferhalb des Europ\u00e4ischen Wirtschaftsraumes, ohne vorher Ihre Zustimmung (die Sie jederzeit widerrufen k\u00f6nnen) einzuholen.<\/p>\n<ol start=\"5\">\n<li><u>Aufbewahrung Ihrer personenbezogenen Daten:<\/u><\/li>\n<\/ol>\n<p>Ihre personenbezogenen Daten werden von uns nur so lange aufbewahrt, wie dies vern\u00fcnftigerweise von uns als n\u00f6tig erachtet wird, um die oben genannten Zwecke zu erreichen, und wie dies nach dem anwendbaren Recht zul\u00e4ssig ist. Wir speichern Ihre personenbezogenen Daten jedenfalls, solange gesetzliche Aufbewahrungspflichten (insbesondere die siebenj\u00e4hrige Aufbewahrungsfrist nach \u00a7 212 UGB f\u00fcr Kontaktanfragen) bestehen oder Verj\u00e4hrungsfristen potentieller Rechtsanspr\u00fcche noch nicht abgelaufen sind. Wir werden Ihre Daten l\u00e4nger \u00fcber diese Frist hinaus aufbewahren, wenn und solange wir diese zur Durchsetzung oder zur Abwehr von konkreten Rechtsanspr\u00fcchen ben\u00f6tigen.<\/p>\n<p>Unsere Serverlogs werden f\u00fcr einen Monat aufbewahrt und dann automatisiert gel\u00f6scht bzw. anonymisiert.<\/p>\n<ol start=\"6\">\n<li><u>Freiwilligkeit der Bereitstellung der personenbezogenen Daten:<\/u><\/li>\n<\/ol>\n<p>Die Bereitstellung Ihrer personenbezogenen Daten ist grunds\u00e4tzlich freiwillig. Wenn Sie die Daten nicht bereitstellen, k\u00f6nnen Sie jedoch wom\u00f6glich nicht alle Funktionen unserer Website nutzen. Eine Nutzung unserer Website, ohne dass Server-Logs erstellt werden, ist nicht m\u00f6glich. Eine Zustimmung im Cookie-Banner ist zur Nutzung unserer Website nicht erforderlich.<\/p>\n<p>Wenn Sie Ihre Daten in Eingabemasken (z.B. zur Registrierung, zur Anmeldung zum Newsletter oder zur Kontaktaufnahme) eingeben, ist im jeweiligen Formular angegeben (\u00fcblicherweise durch \u201e*\u201c markiert), welche Daten verpflichtend anzugeben sind, damit wir Ihre Eingabe erfolgreich verarbeiten k\u00f6nnen, und die Angabe welcher Daten freiwillig ist. Wenn Sie die freiwillig anzugebenden Daten nicht angeben, hat dies keine nachteiligen Folgen f\u00fcr Sie.<\/p>\n<ol start=\"7\">\n<li><u>Analyse mit Matomo:<\/u><\/li>\n<\/ol>\n<p>Wir verwenden auf dieser Website den Open-Source-Analysedienst Matomo (oben angef\u00fchrter Zweck 1g).<\/p>\n<p>Wenn Sie der Datenverarbeitung durch Matomo in unserem Cookie-Banner zustimmen, erheben wir mittels Matomo Statistikdaten, um zu analysieren, wie Sie unsere Website und Teile davon nutzen und wie Sie mit unserer Website interagieren.<\/p>\n<p>Hierbei werden Statistikdaten anhand von eindeutigen in Cookies gespeicherten User-IDs, Ihrer gek\u00fcrzten IP-Adresse und anderen Meta-Daten \u00fcber Ihr Ger\u00e4t und Ihren Browser erhoben.<\/p>\n<p>Diese Daten verwenden wir dazu, um zu verstehen, wie unsere Website genutzt wird, und so unser Website-Angebot f\u00fcr Sie m\u00f6glichst attraktiv zu gestalten. Wir werden diese Daten nur in aggregierter Form verarbeiten und speichern, alle so erhobenen nicht-aggregierten Daten werden nach der Aggregierung umgehend gel\u00f6scht bzw. anonymisiert.<\/p>\n<p>Die so erhobenen Daten werden direkt bei uns erhoben und gespeichert und mit Ausnahme unseres IT-Dienstleisters keinen Dritten zug\u00e4nglich.<\/p>\n<p>Hierbei werden die folgenden Cookies eingesetzt:<\/p>\n<table>\n<tbody>\n<tr>\n<td width=\"194\">Name<\/td>\n<td width=\"296\">Funktion<\/td>\n<td width=\"114\">Speicherdauer<\/td>\n<\/tr>\n<tr>\n<td width=\"194\">_pk_id<\/td>\n<td width=\"296\">Erkennt einen individuellen Nutzer zu Statistikzwecken<\/td>\n<td width=\"114\">13 Monate<\/td>\n<\/tr>\n<tr>\n<td width=\"194\">_pk_ses<\/td>\n<td width=\"296\">Erkennt eine aktive Sitzung des Besuchers, dies dient zur statistischen Auswertung<\/td>\n<td width=\"114\">30 Minuten<\/td>\n<\/tr>\n<tr>\n<td width=\"194\">sp_dsgvo_cookie_settings<\/td>\n<td width=\"296\">Speichert die Zustimmung des Nutzers zur Datenverarbeitung im Cookie-Banner<\/td>\n<td width=\"114\">1 Monat<\/td>\n<\/tr>\n<\/tbody>\n<\/table>\n<p>Ein Zugriff Dritter auf diese Cookies ist nicht m\u00f6glich.<\/p>\n<p>Diese Datenverarbeitung basiert auf Ihrer Zustimmung, die Sie im Cookie-Banner erteilt haben (Art 6 Abs 1 lit a DSGVO, \u00a7 165 Abs 3 TKG 2021). Diese Zustimmung ist freiwillig und zur Nutzung unserer Website nicht erforderlich. Sie k\u00f6nnen diese Zustimmung jederzeit widerrufen, indem Sie auf den Link \u201eCookie-Einstellungen\u201c in der Fu\u00dfzeile unserer Website klicken, wodurch sich der Cookie-Banner erneut \u00f6ffnet und Sie die Datenverarbeitung mittels Cookies ablehnen k\u00f6nnen, oder indem Sie die Cookies unserer Website in Ihrem Browser l\u00f6schen.<\/p>\n<p><strong>Ihre Rechte:<\/strong><\/p>\n<p>Sie haben das Recht, (i) von uns zu erfahren, ob und welche personenbezogenen Daten wir \u00fcber Sie gespeichert haben, und Kopien dieser Daten zu erhalten (Art 15 DSGVO), (ii) von uns zu verlangen, dass wir Ihre personenbezogenen Daten berichtigen, erg\u00e4nzen oder l\u00f6schen, wenn diese falsch sind oder nicht rechtskonform verarbeitet werden (Art 16, 17\u00a0DSGVO), (iii) unter bestimmten Umst\u00e4nden von uns zu verlangen, dass wir die Verarbeitung Ihrer personenbezogenen Daten einschr\u00e4nken (Art 18 DSGVO), (iv) unter bestimmten Umst\u00e4nden von uns zu verlangen, Ihre Daten in einem strukturierten, g\u00e4ngigen und maschinenlesbaren Format zu erhalten oder einer\/m Dritten zu \u00fcbermitteln (Recht auf Daten\u00fcbertragbarkeit, Art 20 DSGVO) und (v) unter bestimmten Umst\u00e4nden der Verarbeitung Ihrer personenbezogenen Daten zu widersprechen (Art\u00a021 DSGVO). Wenn Sie eines oder mehrere dieser Rechte aus\u00fcben wollen, k\u00f6nnen Sie sich gerne an uns wenden.<\/p>\n<p>Zus\u00e4tzlich haben Sie das Recht, bei der Datenschutzbeh\u00f6rde (Kontaktdaten der \u00f6sterreichischen Datenschutzbeh\u00f6rde siehe\u00a0<a href=\"http:\/\/www.dsb.gv.at\/\">www.dsb.gv.at<\/a>) Beschwerde einzureichen, wenn Sie glauben, dass Sie in Ihren Datenschutzrechten verletzt wurden.<\/p>\n","protected":false},"excerpt":{"rendered":"<p>Datenschutzerkl\u00e4rung Der Schutz Ihrer personenbezogenen Daten ist uns ein besonderes Anliegen. In dieser Datenschutzerkl\u00e4rung informieren wir Sie dar\u00fcber, wie wir Ihre personenbezogenen Daten verarbeiten, wenn Sie unsere Website besuchen oder wenn Sie Zusendungen \u00fcber unseren Newsletter oder unseren Presseverteiler erhalten. &nbsp; Allgemeine Informationen: Verantwortlich f\u00fcr die Verarbeitung Ihrer personenbezogenen Daten im Rahmen dieser Website ist [&hellip;]<\/p>\n","protected":false},"author":1,"featured_media":0,"parent":0,"menu_order":0,"comment_status":"closed","ping_status":"closed","template":"","meta":{"footnotes":""},"class_list":["post-741","page","type-page","status-publish","hentry"],"_links":{"self":[{"href":"https:\/\/csrforstartups.eu\/index.php?rest_route=\/wp\/v2\/pages\/741","targetHints":{"allow":["GET"]}}],"collection":[{"href":"https:\/\/csrforstartups.eu\/index.php?rest_route=\/wp\/v2\/pages"}],"about":[{"href":"https:\/\/csrforstartups.eu\/index.php?rest_route=\/wp\/v2\/types\/page"}],"author":[{"embeddable":true,"href":"https:\/\/csrforstartups.eu\/index.php?rest_route=\/wp\/v2\/users\/1"}],"replies":[{"embeddable":true,"href":"https:\/\/csrforstartups.eu\/index.php?rest_route=%2Fwp%2Fv2%2Fcomments&post=741"}],"version-history":[{"count":5,"href":"https:\/\/csrforstartups.eu\/index.php?rest_route=\/wp\/v2\/pages\/741\/revisions"}],"predecessor-version":[{"id":823,"href":"https:\/\/csrforstartups.eu\/index.php?rest_route=\/wp\/v2\/pages\/741\/revisions\/823"}],"wp:attachment":[{"href":"https:\/\/csrforstartups.eu\/index.php?rest_route=%2Fwp%2Fv2%2Fmedia&parent=741"}],"curies":[{"name":"wp","href":"https:\/\/api.w.org\/{rel}","templated":true}]}}